{"id":2579,"date":"2023-08-09T09:25:15","date_gmt":"2023-08-09T09:25:15","guid":{"rendered":"https:\/\/museumislandberlin.com\/cafes-restaurants\/"},"modified":"2026-01-15T06:51:15","modified_gmt":"2026-01-15T06:51:15","slug":"restaurants-museumsinsel-berlin","status":"publish","type":"page","link":"https:\/\/museumislandberlin.com\/de\/restaurants-museumsinsel-berlin\/","title":{"rendered":"Caf\u00e9s &amp; Restaurants"},"content":{"rendered":"<h1 style=\"text-align: left;\">Cafes und Restaurants in der N\u00e4he der Museumsinsel Berlin<\/h1>\n<p><span><img decoding=\"async\" alt=\"Die besten Caf\u00e9s in der N\u00e4he der Museumsinsel Berlin:\" data-id=\"1852\" width=\"547\" data-init-width=\"1920\" height=\"307\" data-init-height=\"1080\" title=\"Die besten Caf\u00e9s in der N\u00e4he der Museumsinsel Berlin:\" src=\"https:\/\/museumislandberlin.com\/wp-content\/uploads\/2023\/08\/Cafes-where-you-can-take-a-break-near-Museum-Island-Berlin-scaled.jpg\" data-width=\"547\" style=\"aspect-ratio: auto 1920 \/ 1080;\" data-height=\"307\" loading=\"lazy\"><\/span><\/p>\n<h2 dir=\"ltr\">Die besten Caf\u00e9s in der N\u00e4he der Museumsinsel Berlin:<\/h2>\n<p><span style=\"font-size: 16px !important;\"><strong><span style=\"text-decoration: underline;\">Dom Caf\u00e9:<\/span><\/strong>Ein wunderbarer Ort, um eine Kaffeepause mit Dessert einzulegen.<strong>Besuchertipp<\/strong>: &#8222;Sie sollten Ihren Besuch keinesfalls beenden, ohne die t\u00e4glich servierten hausgemachten Desserts dieses Ortes am Ufer der Spree zu genie\u00dfen.&#8220;<strong>Adresse<\/strong>: Berliner Dom, Am Lustgarten 1, 10178 Berlin<strong>\u00d6ffnungszeiten<\/strong>: T\u00e4glich ab 11:00 Uhr ge\u00f6ffnet. Das Caf\u00e9 schlie\u00dft zur gleichen Zeit wie der Dom.<strong><span style=\"text-decoration: underline;\">Bandy Brooks:<\/span><\/strong><\/span>Perfekt, f\u00fcr Naschkatzen, die Lust auf Eis und Cr\u00eapes haben.<span style=\"font-size: 16px !important;\"><strong>Besuchertipp<\/strong>: &#8222;Sie m\u00fcssen unbedingt das belgische Schokoladeneis und die belgischen Waffeln probieren.&#8220;<strong>Adresse<\/strong>: Karl-Liebknecht-Str. 1, 10178 Berlin<strong>\u00d6ffnungszeiten<\/strong>: T\u00e4glich von 11:00 bis 20:00 Uhr.<strong><span style=\"text-decoration: underline;\">Bistro Lebenswelten:<\/span><\/strong>Ein Bistrocaf\u00e9 im Humboldt Forum, das gesunde und vegane Optionen anbietet. Ein Ort mit qualitativ hochwertigen Mahlzeiten, die den gro\u00dfen Appetit auch bei kleinem Budget stillen.<strong>Besuchertipp<\/strong>: &#8222;W\u00e4hrend Sie Ihren Salat an der offenen Buffet-Salatbar nach Ihren W\u00fcnschen zubereiten, sollten Sie Ihren Kaffee im historischen Ambiente des Innenhofs des Humboldt Forums genie\u00dfen. Seien Sie versichert, dieser Ort wird es Ihnen erm\u00f6glichen, Ihren Appetit mit fantastischen Aromen zu stillen, ohne Ihr Budget zu belasten.&#8220;<strong>Adresse<\/strong>: Schlo\u00dfpl. 1, 10178 Berlin<strong>\u00d6ffnungszeiten<\/strong>: T\u00e4glich von 10:00 bis 19:00 Uhr.<strong><span style=\"text-decoration: underline;\">Caf\u00e9 Wilhelm:<\/span><\/strong>Ein Caf\u00e9 mit k\u00f6stlichen Snacks und Dessertspeisen, das sich in einem 10-min\u00fctigen Fu\u00dfweg von der Museumsinsel befindet.<strong>Besuchertipp<\/strong>: Sollten Sie hier eine Kaffeepause einlegen, m\u00fcssen Sie unbedingt den Apfelstrudel probieren!<strong>Adresse<\/strong>: Am Kupfergraben 4a, 10117 Berlin<strong>\u00d6ffnungszeiten<\/strong>: T\u00e4glich von 11:00 bis 18:00 Uhr \/\/ montags geschlossen.<\/span><\/p>\n<p><span><img decoding=\"async\" alt=\"Die besten Restaurants in der N\u00e4he der Museumsinsel Berlin:\" data-id=\"1853\" width=\"547\" data-init-width=\"1920\" height=\"364\" data-init-height=\"1280\" title=\"Die besten Restaurants in der N\u00e4he der Museumsinsel Berlin:\" src=\"https:\/\/museumislandberlin.com\/wp-content\/uploads\/2023\/08\/Restaurant-where-you-can-take-a-break-near-Museum-Island-Berlin-scaled.jpg\" data-width=\"547\" style=\"aspect-ratio: auto 1920 \/ 1280;\" data-height=\"364\" loading=\"lazy\"><\/span><\/p>\n<h2 dir=\"ltr\">Die besten Restaurants in der N\u00e4he der Museumsinsel Berlin:<\/h2>\n<p style=\"\"><strong><span style=\"text-decoration: underline;\">Restaurant Baret:<\/span><\/strong>Tags\u00fcber fungiert es als gem\u00fctliches Caf\u00e9 mit einer kleinen Mittagskarte und verlockenden Kaffeespezialit\u00e4ten. Doch wenn der Abend hereinbricht, verwandelt es sich in ein stilvolles Restaurant, das mit einer erweiterten Speiseauswahl Ihren Abend bereichert.<strong>Besuchertipp<\/strong>: &#8222;Sie m\u00fcssen die Museumsinsel unbedingt von diesem Dach aus betrachten. Wenn Sie dort die raffinierten Interpretationen von Chef Octavio Os\u00e9s Bravo genie\u00dfen, kombiniert mit dieser atemberaubenden Aussicht, werden Sie es nicht bereuen.&#8220;<strong>Adresse<\/strong>: Schlo\u00dfpl. 1, 10178 Berlin<strong>\u00d6ffnungszeiten<\/strong>: Au\u00dfer dienstags gelten folgende \u00d6ffnungszeiten: 10:30 bis 18:30 Uhr \/\/ dienstags: Geschlossen.<strong><span style=\"text-decoration: underline;\">Bandy&#8217;s Currywurst:<\/span><\/strong>Hier k\u00f6nnen Sie alle Variationen des traditionellen Berliner Klassikers, Currywurst, genie\u00dfen. Zus\u00e4tzlich k\u00f6nnen Sie Ihr Mahl mit den ber\u00fchmten Bieren Berlins kr\u00f6nen.<strong>Adresse<\/strong>: Karl-Liebknecht-Str. 1, 10178 Berlin<strong>\u00d6ffnungszeiten<\/strong>: T\u00e4glich von 11:00 bis 20:00 Uhr.<strong><span style=\"text-decoration: underline;\">Ephraims<\/span><\/strong>:Ein original deutsches Restaurant. Hier finden Sie eine exzellente Auswahl deutscher Gerichte.<strong>Besuchertipp<\/strong>: &#8222;Sie werden nicht genug bekommen vom Geschmack des Schnitzels in der authentischen Atmosph\u00e4re des Restaurants! Vergessen Sie nicht, sich neben Ihrem Essen ein originales deutsches Bier vom Fass zu g\u00f6nnen.&#8220;<strong>Adresse<\/strong>: Spreeufer 1, 10178 Berlin<strong>\u00d6ffnungszeiten<\/strong>: T\u00e4glich von 12:00 bis 23:00 Uhr.<strong><span style=\"text-decoration: underline;\">Trattoria Pizzeria San Nicola:<\/span><\/strong>Wenn Sie die italienische K\u00fcche lieben, ist diese Trattoria die ideale Wahl.<strong>Besuchertipp<\/strong>: &#8222;Die Kombination aus Aperol Spritz mit Pizza Quattro Stagioni oder Spaghetti Bolognese wird Sie zweifellos in eine authentisch italienische Atmosph\u00e4re eintauchen lassen. Nach dem Essen sollten Sie unbedingt Platz f\u00fcr das Tiramisu lassen.&#8220;<strong>Adresse<\/strong>: Nikolaiviertel, Spreeufer 3, 10178 Berlin<strong>\u00d6ffnungszeiten<\/strong>: T\u00e4glich von 12:00 bis 22:00 Uhr.<\/p>\n<p>[tcb-script async=&#8220;&#8220; src=&#8220;https:\/\/pagead2.googlesyndication.com\/pagead\/js\/adsbygoogle.js?client=ca-pub-2544811981665443&#8243; crossorigin=&#8220;anonymous&#8220;][\/tcb-script]<!-- MIB DE restaurants top attractions -->[tcb-script]     (adsbygoogle = window.adsbygoogle || []).push({});[\/tcb-script]<span><img decoding=\"async\" alt=\"Caf\u00e9s auf der Museumsinsel Berlin:\" data-id=\"1854\" width=\"547\" data-init-width=\"1920\" height=\"364\" data-init-height=\"1280\" title=\"Caf\u00e9s auf der Museumsinsel Berlin:\" src=\"https:\/\/museumislandberlin.com\/wp-content\/uploads\/2023\/08\/Cafes-where-you-can-take-a-break-within-Museum-Island-Berlin-scaled.jpg\" data-width=\"547\" style=\"aspect-ratio: auto 1920 \/ 1280;\" data-height=\"364\" loading=\"lazy\"><\/span><\/p>\n<h2 style=\"\"><strong>Caf\u00e9s auf der Museumsinsel Berlin: <\/strong><\/h2>\n<p \"=\"\" =\"\"=\"\" style=\"\" tve-droppable\"=\"\"><strong><span style=\"font-size: 18px !important;\">Die Caf\u00e9s haben die gleichen \u00d6ffnungszeiten wie die Museen, in denen sie untergebracht sind.<\/span><\/strong><\/p>\n<p \"=\"\" =\"\"=\"\" style=\"text-align: left;\" tve-droppable\"=\"\">&#8211; Cafe im&nbsp;<a href=\"https:\/\/museumislandberlin.com\/de\/museen-museumsinsel-berlin\/altes-museum\/\" style=\"outline: none;\" data-lt-tmp-id=\"lt-971295\" spellcheck=\"false\">Alten Museum<\/a>&#8211; Cafe im&nbsp;<a href=\"https:\/\/museumislandberlin.com\/de\/museen-museumsinsel-berlin\/bode-museum\/\" style=\"outline: none;\">Bode-Museum<\/a>&#8211; Allegretto Cafe im&nbsp;<a href=\"https:\/\/museumislandberlin.com\/de\/museen-museumsinsel-berlin\/neues-museum\/\" style=\"outline: none;\" data-lt-tmp-id=\"lt-511785\" spellcheck=\"false\">Neuen Museum<\/a>&#8211; Cafe Walther K\u00f6nig in der&nbsp;<a href=\"https:\/\/museumislandberlin.com\/de\/museen-museumsinsel-berlin\/alte-nationalgalerie\/\" style=\"outline: none;\" data-lt-tmp-id=\"lt-59652\" spellcheck=\"false\">Alten Nationalgalerie<\/a>&#8211; Caf\u00e9 &amp; Restaurant Cu29 (James Simon Galerie)<\/p>\n<h2 id=\"t-1682328918099\" style=\"text-align: center;\"><strong>Museumsinsel Berlin Tickets &amp; Touren vergleichen<\/strong><\/h2>\n<h3 id=\"t-1692280270785\" style=\"text-align: center;\">Kombitickets &amp; City P\u00e4sse<\/h3>\n<h4 style=\"text-align: left; color: var(--tcb-skin-color-16) !important; --tcb-applied-color: var$(--tcb-skin-color-16) !important;\"><em>Bestseller-Ticket f\u00fcr die Museumsinsel Berlin<\/em><\/h4>\n<p><span style=\"\"><a href=\"https:\/\/gyg.me\/HcQoN8bd\" target=\"_blank\" rel=\"nofollow noopener\"><img decoding=\"async\" alt=\"Berlin: Museum Island's Museums Skip-the-Line Ticket Pass\" data-id=\"3127\" width=\"207\" data-init-width=\"960\" height=\"138\" data-init-height=\"640\" title=\"MIB 1\" src=\"https:\/\/museumislandberlin.com\/wp-content\/uploads\/2024\/06\/MIB-1.jpeg\" data-width=\"207\" data-height=\"138\" style=\"aspect-ratio: auto 960 \/ 640;\" mt-t=\"0\" ml-t=\"0\" mt-m=\"0\" ml-m=\"0\" data-link-wrap=\"true\" loading=\"lazy\"><\/a><\/span><\/p>\n<h2 style=\"text-align: left;\" data-hide=\"true\"><a href=\"https:\/\/gyg.me\/HcQoN8bd\" target=\"_blank\" rel=\"nofollow noopener\" style=\"outline: none;\" data-lt-tmp-id=\"lt-879675\" spellcheck=\"false\">Berlin: Museumsinsel Multiple Museum Entry Ticket<\/a><\/h2>\n<p style=\"text-align: left;\">Entdecke die Museumsinsel in Berlin mit diesem Ticket, das einen Tag lang in allen H\u00e4usern der Museumsinsel (Altes Museum, Neues Museum, Bodemuseum, Das Panorama, Alte Nationalgalerie) g\u00fcltig ist.<\/p>\n<p style=\"\"><a href=\"https:\/\/gyg.me\/HcQoN8bd\" target=\"_blank\" rel=\"nofollow noopener\" style=\"outline: none;\" data-lt-tmp-id=\"lt-109877\" spellcheck=\"false\">+ Mehr Informationen<\/a><\/p>\n<p data-hide=\"true\" id=\"t-1692282155287\" style=\"\"><strong><span>24,00 <strong><span>\u20ac<\/span><\/strong><\/span><\/strong><\/p>\n<p style=\"text-align: center;\"><a href=\"https:\/\/gyg.me\/HcQoN8bd\" target=\"_blank\" rel=\"nofollow noopener\" style=\"outline: none;\">4.7 \/ 5 (880)<\/a><\/p>\n<p><span style=\"\"><a href=\"https:\/\/gyg.me\/QSAXT6T6\" target=\"_blank\" rel=\"nofollow noopener\"><img decoding=\"async\" alt=\"Berlin Welcome Card\" data-id=\"3129\" width=\"207\" data-init-width=\"960\" height=\"138\" data-init-height=\"640\" title=\"Berlin Welcome Card\" src=\"https:\/\/museumislandberlin.com\/wp-content\/uploads\/2024\/06\/Berlin-Welcome-Card.jpeg\" data-width=\"207\" data-height=\"138\" style=\"aspect-ratio: auto 960 \/ 640;\" mt-t=\"0\" ml-t=\"0\" mt-m=\"0\" ml-m=\"0\" data-link-wrap=\"true\" loading=\"lazy\"><\/a><\/span><\/p>\n<h2 style=\"text-align: left;\" id=\"t-1692362877775\" data-hide=\"true\"><a href=\"https:\/\/gyg.me\/QSAXT6T6\" target=\"_blank\" rel=\"nofollow noopener\" style=\"outline: none;\">Berlin: WelcomeCard All Inclusive<\/a><\/h2>\n<p style=\"text-align: left;\">Genie\u00dfe mit der Berlin WelcomeCard freien Eintritt zu den Top-Attraktionen und Rabatte in Restaurants. Fahre kostenlos mit dem Hop-On\/Hop-Off-Bus durch die Stadt und spare bei bestimmten Aktivit\u00e4ten bis zur H\u00e4lfte des Preises.<\/p>\n<p style=\"\"><a href=\"https:\/\/gyg.me\/QSAXT6T6\" target=\"_blank\" rel=\"nofollow noopener\" style=\"outline: none;\" data-lt-tmp-id=\"lt-653956\" spellcheck=\"false\">+ Mehr Informationen<\/a><\/p>\n<p data-hide=\"true\" id=\"t-1692350085838\" style=\"\"><strong><span>95,00 <strong><span>\u20ac<\/span><\/strong><\/span><\/strong><\/p>\n<p style=\"text-align: center;\"><a href=\"https:\/\/gyg.me\/QSAXT6T6\" target=\"_blank\" rel=\"nofollow noopener\" style=\"outline: none;\">4.2 \/ 5 (25)<\/a><\/p>\n<h4 style=\"text-align: left; color: var(--tcb-skin-color-16) !important; --tcb-applied-color: var$(--tcb-skin-color-16) !important;\"><em>Bevorzugtes Kombiticket f\u00fcr die Museumsinsel Berlin<\/em><\/h4>\n<p><span style=\"\"><a href=\"https:\/\/www.headout.com\/r\/most-amazing-placesrecommends-uC0tC\/\" target=\"_blank\" rel=\"nofollow noopener\"><img decoding=\"async\" alt=\"Berlin WelcomeCard: Museum Island &amp; Public Transport\" data-id=\"3131\" width=\"207\" data-init-width=\"741\" height=\"139\" data-init-height=\"495\" title=\"Ekran Resmi 2024-06-10 12.10.07\" src=\"https:\/\/museumislandberlin.com\/wp-content\/uploads\/2024\/06\/Ekran-Resmi-2024-06-10-12.10.07.png\" data-width=\"207\" data-height=\"139\" style=\"aspect-ratio: auto 741 \/ 495;\" mt-t=\"0\" ml-t=\"0\" mt-m=\"0\" ml-m=\"0\" data-link-wrap=\"true\" loading=\"lazy\"><\/a><\/span><\/p>\n<h2 style=\"text-align: left;\" id=\"t-1692362877776\" data-hide=\"true\"><a href=\"https:\/\/www.headout.com\/r\/most-amazing-placesrecommends-uC0tC\/\" target=\"_blank\" rel=\"nofollow noopener\" style=\"outline: none;\">Berlin WelcomeCard: Freier Zugang zu Museen und unbegrenzte Nutzung der \u00f6ffentlichen Verkehrsmittel<\/a><\/h2>\n<p style=\"text-align: left;\">Erkunden Sie Berlin mit der Berlin WelcomeCard mit exklusivem Zugang zu den 5 Museen auf der Berliner Museumsinsel und freiem Transport in den Zonen AB und ABC.<\/p>\n<p style=\"\"><a href=\"https:\/\/www.headout.com\/r\/most-amazing-placesrecommends-uC0tC\/\" target=\"_blank\" rel=\"nofollow noopener\" style=\"outline: none;\">+ Mehr Informationen<\/a><\/p>\n<p data-hide=\"true\" id=\"t-1692350085839\" style=\"\"><strong><span>62&nbsp;<strong><span>\u20ac<\/span><\/strong><\/span><\/strong><\/p>\n<p style=\"text-align: center;\"><a href=\"https:\/\/www.headout.com\/r\/most-amazing-placesrecommends-uC0tC\/\" target=\"_blank\" rel=\"nofollow noopener\" style=\"outline: none;\">4.3 \/ 5 (2.1K)<\/a><\/p>\n<p style=\"text-align: center;\"><a href=\"https:\/\/museumislandberlin.com\/de\/museumsinsel-berlin-tickets\/\" style=\"outline: none;\" data-lt-tmp-id=\"lt-890997\" spellcheck=\"false\">+ Mehr Kombitickets &amp; City P\u00e4sse<\/a><\/p>\n<h3 id=\"t-1692350085841\" style=\"text-align: center;\">Einzeltickets &amp; Audioguides<\/h3>\n<p><span style=\"\"><a href=\"https:\/\/gyg.me\/GQSTkznu\" target=\"_blank\" rel=\"nofollow noopener\"><img decoding=\"async\" alt=\"Berlin-Pergamon-Museum-Entrance-Ticket\" data-id=\"1630\" width=\"207\" data-init-width=\"288\" height=\"277\" data-init-height=\"384\" title=\"Berlin-Pergamon-Museum-Entrance-Ticket\" src=\"https:\/\/museumislandberlin.com\/wp-content\/uploads\/2023\/08\/Berlin-Pergamon-Museum-Entrance-Ticket.jpg\" data-width=\"207\" data-height=\"277\" style=\"aspect-ratio: auto 288 \/ 384;\" mt-t=\"0\" ml-t=\"0\" mt-m=\"0\" ml-m=\"0\" data-link-wrap=\"true\" loading=\"lazy\" mt-d=\"-39\" ml-d=\"0\" center-v-d=\"false\"><\/a><\/span><\/p>\n<h2 style=\"text-align: left;\" id=\"t-1692362877778\" data-hide=\"true\"><a href=\"https:\/\/gyg.me\/GQSTkznu\" target=\"_blank\" rel=\"nofollow noopener\" style=\"outline: none;\" data-lt-tmp-id=\"lt-441721\" spellcheck=\"false\">Berlin: Pergamonmuseum Eintrittskarte<\/a><\/h2>\n<p style=\"text-align: left;\">Besuchen Sie den ber\u00fchmtesten Teil der Berliner Museumsinsel. Sehen Sie die Hauptattraktionen: das farbenfrohe Ishtar-Tor und die Prozessionsstra\u00dfe von Babylon. Bestaunen Sie die reich verzierte Steinfassade des Mschatta-Palastes<\/p>\n<p style=\"\"><a href=\"https:\/\/gyg.me\/GQSTkznu\" target=\"_blank\" rel=\"nofollow noopener\" style=\"outline: none;\">+ Mehr Informationen<\/a><\/p>\n<p data-hide=\"true\" id=\"t-1692350085842\" style=\"\"><strong><span>14,00 <strong><span>\u20ac<\/span><\/strong><\/span><\/strong><\/p>\n<p style=\"text-align: center;\"><a href=\"https:\/\/gyg.me\/GQSTkznu\" target=\"_blank\" rel=\"nofollow noopener\" style=\"outline: none;\">4.7 \/ 5 (2.3K)<\/a><\/p>\n<h4 style=\"text-align: left; color: var(--tcb-skin-color-16) !important; --tcb-applied-color: var$(--tcb-skin-color-16) !important;\"><em>Beliebteste Einzeltickets f\u00fcr die Museumsinsel Berlin<\/em><\/h4>\n<p><span style=\"\"><a href=\"https:\/\/gyg.me\/8NmjIZ7k\" target=\"_blank\" rel=\"nofollow noopener\"><img decoding=\"async\" alt=\"Berlin: Neues Museum Entry Ticket\" data-id=\"3133\" width=\"207\" data-init-width=\"960\" height=\"138\" data-init-height=\"640\" title=\"Berlin- Neues Museum Entry Ticket\" src=\"https:\/\/museumislandberlin.com\/wp-content\/uploads\/2024\/06\/Berlin-Neues-Museum-Entry-Ticket-.jpeg\" data-width=\"207\" data-height=\"138\" style=\"aspect-ratio: auto 960 \/ 640;\" mt-t=\"0\" ml-t=\"0\" mt-m=\"0\" ml-m=\"0\" data-link-wrap=\"true\" loading=\"lazy\"><\/a><\/span><\/p>\n<h2 style=\"text-align: left;\" id=\"t-1692362877779\" data-hide=\"true\"><a href=\"https:\/\/gyg.me\/8NmjIZ7k\" target=\"_blank\" rel=\"nofollow noopener\" style=\"outline: none;\" data-lt-tmp-id=\"lt-848981\" spellcheck=\"false\">Berlin: Neues Museum Eintrittskarte<\/a><\/h2>\n<p style=\"text-align: left;\">Besuche das Neue Museum und entdecke seine Sch\u00e4tze. Bewundere Exponate des \u00c4gyptischen Museums, der Antikensammlung und des Museums f\u00fcr Vor- und Fr\u00fchgeschichte.<\/p>\n<p style=\"\"><a href=\"https:\/\/gyg.me\/8NmjIZ7k\" target=\"_blank\" rel=\"nofollow noopener\" style=\"outline: none;\" data-lt-tmp-id=\"lt-530470\" spellcheck=\"false\">+ Mehr Informationen<\/a><\/p>\n<p data-hide=\"true\" id=\"t-1692350085843\" style=\"\"><strong><span>14,00 <strong><span>\u20ac<\/span><\/strong><\/span><\/strong><\/p>\n<p style=\"text-align: center;\"><a href=\"https:\/\/gyg.me\/8NmjIZ7k\" target=\"_blank\" rel=\"nofollow noopener\" style=\"outline: none;\">4.7 \/ 5 (2.3K)<\/a><\/p>\n<p><span style=\"\"><a href=\"https:\/\/www.getyourguide.de\/s?partner_id=NO9XIDE&amp;utm_medium=online_publisher&amp;cmp=MIBDasPanaromaMS&amp;et=387352&amp;lc=17\" target=\"_blank\" rel=\"nofollow noopener\"><img decoding=\"async\" alt=\"Pergamon Museum \u2013 The Panorama: Exhibition by Yadegar Asisi\" data-id=\"3135\" width=\"207\" data-init-width=\"753\" height=\"157\" data-init-height=\"569\" title=\"Ekran Resmi 2024-06-10 12.56.12\" src=\"https:\/\/museumislandberlin.com\/wp-content\/uploads\/2024\/06\/Ekran-Resmi-2024-06-10-12.56.12.png\" data-width=\"207\" data-height=\"157\" style=\"aspect-ratio: auto 753 \/ 569;\" mt-t=\"0\" ml-t=\"0\" mt-m=\"0\" ml-m=\"0\" data-link-wrap=\"true\" loading=\"lazy\"><\/a><\/span><\/p>\n<h2 style=\"text-align: left;\" id=\"t-1692362877780\" data-hide=\"true\"><a href=\"https:\/\/www.getyourguide.de\/s?partner_id=NO9XIDE&amp;utm_medium=online_publisher&amp;cmp=MIBDasPanaromaMS&amp;et=387352&amp;lc=17\" target=\"_blank\" rel=\"nofollow noopener\" style=\"outline: none;\" data-lt-tmp-id=\"lt-174275\" spellcheck=\"false\">Berlin: &#8222;Pergamonmuseum. Das Panorama&#8220; &#8211; Ausstellungsticket<\/a><\/h2>\n<p style=\"text-align: left;\">Digitale Zeitreise: Ihr Ticket f\u00fcr Yadegar Asisi im Pergamon-Panorama in Berlin!<\/p>\n<p style=\"\"><a href=\"https:\/\/www.getyourguide.de\/s?partner_id=NO9XIDE&amp;utm_medium=online_publisher&amp;cmp=MIBDasPanaromaMS&amp;et=387352&amp;lc=17\" target=\"_blank\" rel=\"nofollow noopener\" style=\"outline: none;\">+ Mehr Informationen<\/a><\/p>\n<p data-hide=\"true\" id=\"t-1692350085844\" style=\"\"><strong><span>14,00 <strong><span>\u20ac<\/span><\/strong><\/span><\/strong><\/p>\n<p style=\"text-align: center;\"><a href=\"https:\/\/www.getyourguide.de\/s?partner_id=NO9XIDE&amp;utm_medium=online_publisher&amp;cmp=MIBDasPanaromaMS&amp;et=387352&amp;lc=17\" target=\"_blank\" rel=\"nofollow noopener\" style=\"outline: none;\">4.7 \/ 5 (409)<\/a><\/p>\n<p><a href=\"https:\/\/museumislandberlin.com\/de\/museumsinsel-berlin-anfahrt\/\" dynamic-postlink=\"tcb_post_the_permalink\" data-shortcode-id=\"2586\"><\/a><\/p>\n<p style=\"padding-bottom: 0px !important; margin-bottom: 0px !important; color: var(--tcb-color-0) !important; --tcb-applied-color: var$(--tcb-color-0) !important;\"><a href=\"\" style=\"outline: none;\" data-lt-tmp-id=\"lt-542915\" spellcheck=\"false\">weiterlesen<\/a><\/p>\n<h2 style=\"\"><span data-attr-css=\"\" data-attr-link=\"1\" data-attr-rel=\"0\" data-attr-static-link=\"{&quot;className&quot;:&quot;&quot;,&quot;href&quot;:&quot;https:\/\/museumislandberlin.com\/de\/museumsinsel-berlin-anfahrt\/&quot;,&quot;title&quot;:&quot;Museumsinsel Berlin Anfahrt&quot;,&quot;class&quot;:&quot;&quot;}\" data-attr-target=\"0\" data-extra_key=\"\" data-option-inline=\"1\" data-shortcode=\"tcb_post_title\" data-shortcode-name=\"Post title\" style=\"\"><a href=\"https:\/\/museumislandberlin.com\/de\/museumsinsel-berlin-anfahrt\/\" title=\"Museumsinsel Berlin Anfahrt\" data-css=\"\">Museumsinsel Berlin Anfahrt<\/a><\/span><\/h2>\n<p><a href=\"https:\/\/museumislandberlin.com\/de\/museumsinsel-berlin-tickets\/\" dynamic-postlink=\"tcb_post_the_permalink\" data-shortcode-id=\"2586\"><\/a><\/p>\n<p style=\"padding-bottom: 0px !important; margin-bottom: 0px !important; color: var(--tcb-color-0) !important; --tcb-applied-color: var$(--tcb-color-0) !important;\"><a href=\"\" style=\"outline: none;\" data-lt-tmp-id=\"lt-542915\" spellcheck=\"false\">weiterlesen<\/a><\/p>\n<h2 style=\"\"><span data-attr-css=\"\" data-attr-link=\"1\" data-attr-rel=\"0\" data-attr-static-link=\"{&quot;className&quot;:&quot;&quot;,&quot;href&quot;:&quot;https:\/\/museumislandberlin.com\/de\/museumsinsel-berlin-anfahrt\/&quot;,&quot;title&quot;:&quot;Museumsinsel Berlin Anfahrt&quot;,&quot;class&quot;:&quot;&quot;}\" data-attr-target=\"0\" data-extra_key=\"\" data-option-inline=\"1\" data-shortcode=\"tcb_post_title\" data-shortcode-name=\"Post title\" style=\"\"><a href=\"https:\/\/museumislandberlin.com\/de\/museumsinsel-berlin-tickets\/\" title=\"Museumsinsel Berlin Tickets\" data-css=\"\">Museumsinsel Berlin Tickets<\/a><\/span><\/h2>\n","protected":false},"excerpt":{"rendered":"<p>Cafes und Restaurants in der N\u00e4he der Museumsinsel Berlin Die besten Caf\u00e9s in der N\u00e4he der Museumsinsel Berlin: Dom Caf\u00e9:Ein wunderbarer Ort, um eine Kaffeepause mit Dessert einzulegen.Besuchertipp: &#8222;Sie sollten Ihren Besuch keinesfalls beenden, ohne die t\u00e4glich servierten hausgemachten Desserts dieses Ortes am Ufer der Spree zu genie\u00dfen.&#8220;Adresse: Berliner Dom, Am Lustgarten 1, 10178 Berlin\u00d6ffnungszeiten: [&hellip;]<\/p>\n","protected":false},"author":3,"featured_media":2446,"parent":0,"menu_order":0,"comment_status":"closed","ping_status":"closed","template":"","meta":{"footnotes":""},"class_list":["post-2579","page","type-page","status-publish","has-post-thumbnail","hentry","post-wrapper","thrv_wrapper"],"wp-worthy-pixel":{"ignored":false,"public":null,"server":null,"url":null},"wp-worthy-type":"normal","_links":{"self":[{"href":"https:\/\/museumislandberlin.com\/de\/wp-json\/wp\/v2\/pages\/2579","targetHints":{"allow":["GET"]}}],"collection":[{"href":"https:\/\/museumislandberlin.com\/de\/wp-json\/wp\/v2\/pages"}],"about":[{"href":"https:\/\/museumislandberlin.com\/de\/wp-json\/wp\/v2\/types\/page"}],"author":[{"embeddable":true,"href":"https:\/\/museumislandberlin.com\/de\/wp-json\/wp\/v2\/users\/3"}],"replies":[{"embeddable":true,"href":"https:\/\/museumislandberlin.com\/de\/wp-json\/wp\/v2\/comments?post=2579"}],"version-history":[{"count":20,"href":"https:\/\/museumislandberlin.com\/de\/wp-json\/wp\/v2\/pages\/2579\/revisions"}],"predecessor-version":[{"id":3841,"href":"https:\/\/museumislandberlin.com\/de\/wp-json\/wp\/v2\/pages\/2579\/revisions\/3841"}],"wp:featuredmedia":[{"embeddable":true,"href":"https:\/\/museumislandberlin.com\/de\/wp-json\/wp\/v2\/media\/2446"}],"wp:attachment":[{"href":"https:\/\/museumislandberlin.com\/de\/wp-json\/wp\/v2\/media?parent=2579"}],"curies":[{"name":"wp","href":"https:\/\/api.w.org\/{rel}","templated":true}]}}