{"id":2586,"date":"2023-08-01T08:48:00","date_gmt":"2023-08-01T08:48:00","guid":{"rendered":"https:\/\/museumislandberlin.com\/how-to-get-there\/"},"modified":"2026-01-15T06:49:15","modified_gmt":"2026-01-15T06:49:15","slug":"museumsinsel-berlin-anfahrt","status":"publish","type":"page","link":"https:\/\/museumislandberlin.com\/de\/museumsinsel-berlin-anfahrt\/","title":{"rendered":"Museumsinsel Berlin Anfahrt"},"content":{"rendered":"<h1 style=\"text-align: left;\">Museumsinsel Berlin: Anfahrt<\/h1>\n<p>[tcb-script async=&#8220;&#8220; src=&#8220;https:\/\/pagead2.googlesyndication.com\/pagead\/js\/adsbygoogle.js?client=ca-pub-2544811981665443&#8243; crossorigin=&#8220;anonymous&#8220;][\/tcb-script]<!-- MIBDE opening hours getting there faq -->[tcb-script]     (adsbygoogle = window.adsbygoogle || []).push({});[\/tcb-script]<\/p>\n<h2><strong>Anfahrt &#8211; \u00dcberblick aller Optionen:<\/strong><\/h2>\n<ul>\n<li style=\"\"><span style=\"\"><strong>Zu Fu\u00df:<\/strong><\/span><\/li>\n<\/ul>\n<p dir=\"ltr\">Die Museumsinsel Berlin liegt im Herzen von Berlin-Mitte. Vom <span style=\"--tcb-applied-color: var$(--tcb-color-0) !important; color: var(--tcb-color-0) !important;\">Hackeschen Markt<\/span> erreichen Sie sie nach einem <strong>10-min\u00fctigen Spaziergang<\/strong>, vom <span style=\"--tcb-applied-color: var$(--tcb-color-0) !important; color: var(--tcb-color-0) !important;\">Fernsehturm<\/span> in&nbsp;<strong>11 Minuten<\/strong>, vom <span style=\"--tcb-applied-color: var$(--tcb-color-0) !important; color: var(--tcb-color-0) !important;\">Alexanderplatz<\/span> in <strong>14 Minuten <\/strong>und von der <span style=\"--tcb-applied-color: var$(--tcb-color-0) !important; color: var(--tcb-color-0) !important;\">Friedrichstra\u00dfe<\/span> in <strong>15 Minuten<\/strong>. (Die Entfernungen sind ungef\u00e4hre Angaben.)<\/p>\n<ul>\n<li style=\"\"><span style=\"\"><a href=\"https:\/\/sbahn.berlin\/en\/\" target=\"_blank\" rel=\"nofollow noopener\" style=\"outline: none;\"><strong>Mit dem Zug:<\/strong><\/a><\/span><\/li>\n<\/ul>\n<p style=\"text-align: left;\">F\u00fcr die Anfahrt mit dem Zug empfiehlt es sich, die <strong>S-Bahn-Linien S3, S5, S7 oder S9<\/strong> bis zum Bahnhof &#8222;Hackescher Markt&#8220; zu nehmen. Von dort aus sind es nur noch etwa <strong>15 Minuten zu Fu\u00df <\/strong>zur Museumsinsel.<\/p>\n<ul>\n<li style=\"\"><span style=\"\"><a href=\"https:\/\/www.bvg.de\/de\/verbindungen\/netzplaene-und-linien\/u-bahn\" target=\"_blank\" rel=\"nofollow noopener\" style=\"outline: none;\" data-lt-tmp-id=\"lt-804750\" spellcheck=\"false\"><strong>Mit der U-Bahn:<\/strong><\/a><\/span><\/li>\n<\/ul>\n<p style=\"text-align: left;\">Um zur Museumsinsel mit der U-Bahn zu gelangen, nutzen Sie am besten di<strong>e U-Bahn-Linie U5 <\/strong>und steigen an der Station &#8222;Museumsinsel&#8220; aus. Von dort aus ist es nur ein <strong>kurzer 5-min\u00fctiger <\/strong><strong>Spaziergang<\/strong> zur Museumsinsel.<\/p>\n<ul>\n<li style=\"\"><span style=\"\"><a href=\"https:\/\/www.bvg.de\/de\/verbindungen\/netzplaene-und-linien\/bus\" target=\"_blank\" rel=\"nofollow noopener\" style=\"outline: none;\"><strong>Mit dem Bus:<\/strong><\/a><\/span><\/li>\n<\/ul>\n<p style=\"text-align: left;\">Wenn Sie sich f\u00fcr die Anreise mit dem Bus entscheiden, bieten sich die folgenden Buslinien und Haltestellen in der N\u00e4he der Museumsinsel an<strong>: TXL (Staatsoper), 100, 200 (Lustgarten) und 147 (Friedrichstra\u00dfe)<\/strong>. Von diesen Haltestellen aus erreichen Sie die Museumsinsel nach einem etwa<strong> 15-min\u00fctigen Spaziergang.<\/strong><\/p>\n<ul>\n<li style=\"\"><span style=\"\"><strong>Mit dem Taxi:<\/strong><\/span><\/li>\n<\/ul>\n<p dir=\"ltr\">Die Verf\u00fcgbarkeit von Taxis kann je nach Tageszeit variieren. Die gesch\u00e4tzten Taxitarife betragen etwa <strong>8 \u20ac vom&nbsp;<\/strong><a href=\"https:\/\/www.berlin.de\/sehenswuerdigkeiten\/3560109-3558930-alexanderplatz.html\" target=\"_blank\" style=\"outline: none;\" rel=\"nofollow noopener\"><strong>Alexanderplatz<\/strong><\/a>, <strong>9 <strong>\u20ac<\/strong> von der&nbsp;<\/strong><a href=\"https:\/\/www.berlin.de\/sehenswuerdigkeiten\/3560136-3558930-friedrichstrasse.html\" target=\"_blank\" style=\"outline: none;\" rel=\"nofollow noopener\"><strong>Friedrichstra\u00dfe<\/strong><\/a>, <strong>16 <strong>\u20ac<\/strong> vom&nbsp;<\/strong><a href=\"https:\/\/www.zoo-berlin.de\/de\" target=\"_blank\" style=\"outline: none;\" rel=\"nofollow noopener\"><strong>Zoologischen Garten<\/strong><\/a> und <strong>2<\/strong><strong>0 <strong>\u20ac<\/strong> von&nbsp;<\/strong><a href=\"https:\/\/www.berlin.de\/en\/attractions-and-sights\/district\/charlottenburg-wilmersdorf\/\" target=\"_blank\" style=\"outline: none;\" rel=\"nofollow noopener\"><strong>Charlottenburg<\/strong><\/a>&nbsp;aus. Bitte beachten Sie, dass dies ungef\u00e4hre Angaben sind und die tats\u00e4chlichen Kosten variieren k\u00f6nnen.<\/p>\n<ul>\n<li style=\"\"><span style=\"\"><strong>Mit dem Auto:<\/strong><\/span><\/li>\n<\/ul>\n<p dir=\"ltr\">Wir raten dringend davon ab, mit dem Auto zur Museumsinsel Berlin zu fahren. In Berlin bevorzugen sowohl Einheimische als auch Besucher im Allgemeinen <strong>\u00f6ffentliche Verkehrsmittel. <\/strong>Es gibt <strong>keine Parkm\u00f6glichkeiten speziell f\u00fcr die Museumsinsel,&nbsp;<\/strong>und nahegelegene Parkpl\u00e4tze werden oft von Unternehmen genutzt und sind daher oft voll.<\/p>\n<h2 style=\"\"><strong>Museumsinsel Berlin Anfahrt &amp; Karte<\/strong><\/h2>\n<p style=\"\"><strong>Standort:<\/strong> Bodestra\u00dfe 1-3, 10178 Berlin<\/p>\n<h2 id=\"t-1682328918099\" style=\"text-align: center;\"><strong>Museumsinsel Berlin Tickets &amp; Touren vergleichen<\/strong><\/h2>\n<h3 id=\"t-1692280270785\" style=\"text-align: center;\">Kombitickets &amp; City P\u00e4sse<\/h3>\n<h4 style=\"text-align: left; color: var(--tcb-skin-color-16) !important; --tcb-applied-color: var$(--tcb-skin-color-16) !important;\"><em>Bestseller-Ticket f\u00fcr die Museumsinsel Berlin<\/em><\/h4>\n<p><span style=\"\"><a href=\"https:\/\/gyg.me\/HcQoN8bd\" target=\"_blank\" rel=\"nofollow noopener\"><img decoding=\"async\" alt=\"Berlin: Museum Island's Museums Skip-the-Line Ticket Pass\" data-id=\"3127\" width=\"207\" data-init-width=\"960\" height=\"138\" data-init-height=\"640\" title=\"MIB 1\" src=\"https:\/\/museumislandberlin.com\/wp-content\/uploads\/2024\/06\/MIB-1.jpeg\" data-width=\"207\" data-height=\"138\" style=\"aspect-ratio: auto 960 \/ 640;\" mt-t=\"0\" ml-t=\"0\" mt-m=\"0\" ml-m=\"0\" data-link-wrap=\"true\" loading=\"lazy\"><\/a><\/span><\/p>\n<h2 style=\"text-align: left;\" data-hide=\"true\"><a href=\"https:\/\/gyg.me\/HcQoN8bd\" target=\"_blank\" rel=\"nofollow noopener\" style=\"outline: none;\" data-lt-tmp-id=\"lt-879675\" spellcheck=\"false\">Berlin: Museumsinsel Multiple Museum Entry Ticket<\/a><\/h2>\n<p style=\"text-align: left;\">Entdecke die Museumsinsel in Berlin mit diesem Ticket, das einen Tag lang in allen H\u00e4usern der Museumsinsel (Altes Museum, Neues Museum, Bodemuseum, Das Panorama, Alte Nationalgalerie) g\u00fcltig ist.<\/p>\n<p style=\"\"><a href=\"https:\/\/gyg.me\/HcQoN8bd\" target=\"_blank\" rel=\"nofollow noopener\" style=\"outline: none;\" data-lt-tmp-id=\"lt-109877\" spellcheck=\"false\">+ Mehr Informationen<\/a><\/p>\n<p data-hide=\"true\" id=\"t-1692282155287\" style=\"\"><strong><span>24,00 <strong><span>\u20ac<\/span><\/strong><\/span><\/strong><\/p>\n<p style=\"text-align: center;\"><a href=\"https:\/\/gyg.me\/HcQoN8bd\" target=\"_blank\" rel=\"nofollow noopener\" style=\"outline: none;\">4.7 \/ 5 (880)<\/a><\/p>\n<p><span style=\"\"><a href=\"https:\/\/gyg.me\/QSAXT6T6\" target=\"_blank\" rel=\"nofollow noopener\"><img decoding=\"async\" alt=\"Berlin Welcome Card\" data-id=\"3129\" width=\"207\" data-init-width=\"960\" height=\"138\" data-init-height=\"640\" title=\"Berlin Welcome Card\" src=\"https:\/\/museumislandberlin.com\/wp-content\/uploads\/2024\/06\/Berlin-Welcome-Card.jpeg\" data-width=\"207\" data-height=\"138\" style=\"aspect-ratio: auto 960 \/ 640;\" mt-t=\"0\" ml-t=\"0\" mt-m=\"0\" ml-m=\"0\" data-link-wrap=\"true\" loading=\"lazy\"><\/a><\/span><\/p>\n<h2 style=\"text-align: left;\" id=\"t-1692362877775\" data-hide=\"true\"><a href=\"https:\/\/gyg.me\/QSAXT6T6\" target=\"_blank\" rel=\"nofollow noopener\" style=\"outline: none;\">Berlin: WelcomeCard All Inclusive<\/a><\/h2>\n<p style=\"text-align: left;\">Genie\u00dfe mit der Berlin WelcomeCard freien Eintritt zu den Top-Attraktionen und Rabatte in Restaurants. Fahre kostenlos mit dem Hop-On\/Hop-Off-Bus durch die Stadt und spare bei bestimmten Aktivit\u00e4ten bis zur H\u00e4lfte des Preises.<\/p>\n<p style=\"\"><a href=\"https:\/\/gyg.me\/QSAXT6T6\" target=\"_blank\" rel=\"nofollow noopener\" style=\"outline: none;\" data-lt-tmp-id=\"lt-653956\" spellcheck=\"false\">+ Mehr Informationen<\/a><\/p>\n<p data-hide=\"true\" id=\"t-1692350085838\" style=\"\"><strong><span>95,00 <strong><span>\u20ac<\/span><\/strong><\/span><\/strong><\/p>\n<p style=\"text-align: center;\"><a href=\"https:\/\/gyg.me\/QSAXT6T6\" target=\"_blank\" rel=\"nofollow noopener\" style=\"outline: none;\">4.2 \/ 5 (25)<\/a><\/p>\n<h4 style=\"text-align: left; color: var(--tcb-skin-color-16) !important; --tcb-applied-color: var$(--tcb-skin-color-16) !important;\"><em>Bevorzugtes Kombiticket f\u00fcr die Museumsinsel Berlin<\/em><\/h4>\n<p><span style=\"\"><a href=\"https:\/\/www.headout.com\/r\/most-amazing-placesrecommends-uC0tC\/\" target=\"_blank\" rel=\"nofollow noopener\"><img decoding=\"async\" alt=\"Berlin WelcomeCard: Museum Island &amp; Public Transport\" data-id=\"3131\" width=\"207\" data-init-width=\"741\" height=\"139\" data-init-height=\"495\" title=\"Ekran Resmi 2024-06-10 12.10.07\" src=\"https:\/\/museumislandberlin.com\/wp-content\/uploads\/2024\/06\/Ekran-Resmi-2024-06-10-12.10.07.png\" data-width=\"207\" data-height=\"139\" style=\"aspect-ratio: auto 741 \/ 495;\" mt-t=\"0\" ml-t=\"0\" mt-m=\"0\" ml-m=\"0\" data-link-wrap=\"true\" loading=\"lazy\"><\/a><\/span><\/p>\n<h2 style=\"text-align: left;\" id=\"t-1692362877776\" data-hide=\"true\"><a href=\"https:\/\/www.headout.com\/r\/most-amazing-placesrecommends-uC0tC\/\" target=\"_blank\" rel=\"nofollow noopener\" style=\"outline: none;\">Berlin WelcomeCard: Freier Zugang zu Museen und unbegrenzte Nutzung der \u00f6ffentlichen Verkehrsmittel<\/a><\/h2>\n<p style=\"text-align: left;\">Erkunden Sie Berlin mit der Berlin WelcomeCard mit exklusivem Zugang zu den 5 Museen auf der Berliner Museumsinsel und freiem Transport in den Zonen AB und ABC.<\/p>\n<p style=\"\"><a href=\"https:\/\/www.headout.com\/r\/most-amazing-placesrecommends-uC0tC\/\" target=\"_blank\" rel=\"nofollow noopener\" style=\"outline: none;\">+ Mehr Informationen<\/a><\/p>\n<p data-hide=\"true\" id=\"t-1692350085839\" style=\"\"><strong><span>62&nbsp;<strong><span>\u20ac<\/span><\/strong><\/span><\/strong><\/p>\n<p style=\"text-align: center;\"><a href=\"https:\/\/www.headout.com\/r\/most-amazing-placesrecommends-uC0tC\/\" target=\"_blank\" rel=\"nofollow noopener\" style=\"outline: none;\">4.3 \/ 5 (2.1K)<\/a><\/p>\n<p style=\"text-align: center;\"><a href=\"https:\/\/museumislandberlin.com\/de\/museumsinsel-berlin-tickets\/\" style=\"outline: none;\"><strong><span style=\"text-decoration: underline;\">+ More Combo &amp; City Passes<\/span><\/strong><\/a><\/p>\n<h3 id=\"t-1692350085841\" style=\"text-align: center;\">Single Tickets &amp; Audioguides<\/h3>\n<p><span style=\"\"><a href=\"https:\/\/gyg.me\/kgg0IbMQ\" target=\"_blank\" rel=\"nofollow noopener\"><img decoding=\"async\" alt=\"Berlin-Pergamon-Museum-Entrance-Ticket\" data-id=\"1630\" width=\"201\" data-init-width=\"288\" height=\"268\" data-init-height=\"384\" title=\"Berlin-Pergamon-Museum-Entrance-Ticket\" src=\"https:\/\/museumislandberlin.com\/wp-content\/uploads\/2023\/08\/Berlin-Pergamon-Museum-Entrance-Ticket.jpg\" data-width=\"201\" data-height=\"268\" style=\"aspect-ratio: auto 288 \/ 384;\" mt-t=\"0\" ml-t=\"0\" mt-m=\"-4.022999999999968\" ml-m=\"0\" data-link-wrap=\"true\" loading=\"lazy\" mt-d=\"-36\" ml-d=\"0\" center-v-d=\"false\"><\/a><\/span><\/p>\n<h2 style=\"text-align: left;\" id=\"t-1692362877778\" data-hide=\"true\"><a href=\"https:\/\/gyg.me\/kgg0IbMQ\" target=\"_blank\" rel=\"nofollow noopener\" style=\"outline: none;\" data-lt-tmp-id=\"lt-441721\" spellcheck=\"false\">Berlin: Pergamon Museum Entrance Ticket<\/a><\/h2>\n<p style=\"text-align: left;\">Visit the most famous part of the Berlin Museum Island. See the main attractions: the colorful Ishtar Gate and the Processional way from Babylon. Gaze in wonder at the richly decorated stone fa\u00e7ade of the Mshatta palace<\/p>\n<p style=\"\"><a href=\"https:\/\/www.tiqets.com\/en\/pergamon-museum-tickets-l145895\/?partner=most_amazing_places&amp;tq_campaign=MuseumIslandBerlin\" target=\"_blank\" rel=\"nofollow noopener\" style=\"outline: none;\"><strong>+ More details<\/strong><\/a><\/p>\n<p data-hide=\"true\" id=\"t-1692350085842\" style=\"\"><strong><span>\u20ac 18.00<\/span><\/strong><\/p>\n<p style=\"text-align: center;\"><a href=\"https:\/\/gyg.me\/kgg0IbMQ\" target=\"_blank\" rel=\"nofollow noopener\" style=\"outline: none;\">4.7 \/ 5 (2.3K)<\/a><\/p>\n<h4 style=\"text-align: left;\"><em>Most Popular Museum Island Single Ticket<\/em><\/h4>\n<p><span style=\"\"><a href=\"https:\/\/gyg.me\/kgg0IbMQ\" target=\"_blank\" rel=\"nofollow noopener\"><img decoding=\"async\" alt=\"Berlin: Neues Museum Entry Ticket\" data-id=\"3132\" width=\"226\" data-init-width=\"960\" height=\"151\" data-init-height=\"640\" title=\"Berlin- Neues Museum Entry Ticket\" src=\"https:\/\/museumislandberlin.com\/wp-content\/uploads\/2024\/06\/Berlin-Neues-Museum-Entry-Ticket-.jpeg\" data-width=\"226\" data-height=\"151\" style=\"aspect-ratio: auto 960 \/ 640;\" mt-t=\"0\" ml-t=\"0\" mt-m=\"0\" ml-m=\"0\" data-link-wrap=\"true\" loading=\"lazy\" mt-d=\"0\" ml-d=\"-18.651999999999987\"><\/a><\/span><\/p>\n<h2 style=\"text-align: left;\" id=\"t-1692362877779\" data-hide=\"true\"><a href=\"https:\/\/gyg.me\/kgg0IbMQ\" target=\"_blank\" rel=\"nofollow noopener\" style=\"outline: none;\" data-lt-tmp-id=\"lt-848981\" spellcheck=\"false\">Berlin: Neues Museum Entry Ticket<\/a><\/h2>\n<p style=\"text-align: left;\">Visit the Neues Museum and gaze in wonder at exhibits from the Egyptian Museum, the Antique Collection and the Museum of Prehistory and Early History.<strong><\/strong><\/p>\n<p style=\"\"><a href=\"https:\/\/gyg.me\/kgg0IbMQ\" target=\"_blank\" rel=\"nofollow noopener\" style=\"outline: none;\" data-lt-tmp-id=\"lt-530470\" spellcheck=\"false\"><strong>+ More details<\/strong><\/a><\/p>\n<p data-hide=\"true\" id=\"t-1692350085843\" style=\"\"><strong><span>\u20ac 18.00<\/span><\/strong><\/p>\n<p style=\"text-align: center;\"><a href=\"https:\/\/gyg.me\/kgg0IbMQ\" target=\"_blank\" rel=\"nofollow noopener\" style=\"outline: none;\">4.7 \/ 5 (2.3K)<\/a><\/p>\n<p><span style=\"\"><a href=\"https:\/\/www.tiqets.com\/en\/berlin-attractions-c65144\/tickets-for-pergamon-museum-das-panorama-p1007213?partner=most_amazing_places&amp;tq_campaign=BerlinMuseumIsland\" target=\"_blank\" rel=\"nofollow noopener\"><img decoding=\"async\" alt=\"Pergamon Museum \u2013 The Panorama: Exhibition by Yadegar Asisi\" data-id=\"3134\" width=\"226\" data-init-width=\"753\" height=\"171\" data-init-height=\"569\" title=\"Pergamon Museum \u2013 The Panorama: Exhibition by Yadegar Asisi\" src=\"https:\/\/museumislandberlin.com\/wp-content\/uploads\/2024\/06\/Ekran-Resmi-2024-06-10-12.56.12.png\" data-width=\"226\" data-height=\"171\" style=\"aspect-ratio: auto 753 \/ 569;\" mt-t=\"0\" ml-t=\"0\" mt-m=\"0\" ml-m=\"0\" data-link-wrap=\"true\" loading=\"lazy\" mt-d=\"0\" ml-d=\"-18.651999999999987\"><\/a><\/span><\/p>\n<h2 style=\"text-align: left;\" id=\"t-1692362877780\" data-hide=\"true\"><a href=\"https:\/\/www.tiqets.com\/en\/berlin-attractions-c65144\/tickets-for-pergamon-museum-das-panorama-p1007213?partner=most_amazing_places&amp;tq_campaign=BerlinMuseumIsland\" target=\"_blank\" rel=\"nofollow noopener\" style=\"outline: none;\" data-lt-tmp-id=\"lt-174275\" spellcheck=\"false\">Pergamon Museum \u2013 The Panorama: Exhibition by Yadegar Asisi<\/a><\/h2>\n<p style=\"text-align: left;\">Wander Pergamon in 129 AD through a panoramic exhibition on Museum Island<strong><\/strong><\/p>\n<p style=\"\"><a href=\"https:\/\/www.tiqets.com\/en\/berlin-attractions-c65144\/tickets-for-pergamon-museum-das-panorama-p1007213\/?partner=checkfortrip&amp;tq_campaign=Berlin+Museum+Island\" target=\"_blank\" rel=\"nofollow noopener\" style=\"outline: none;\"><strong>+ More details<\/strong><\/a><\/p>\n<p data-hide=\"true\" id=\"t-1692350085844\" style=\"\"><strong><span>\u20ac 14.00<\/span><\/strong><\/p>\n<p style=\"text-align: center;\"><a href=\"https:\/\/www.tiqets.com\/en\/berlin-attractions-c65144\/tickets-for-pergamon-museum-das-panorama-p1007213?partner=most_amazing_places&amp;tq_campaign=BerlinMuseumIsland\" target=\"_blank\" rel=\"nofollow noopener\" style=\"outline: none;\">4.7 \/ 5 (409)<\/a><\/p>\n<p><a href=\"https:\/\/museumislandberlin.com\/de\/restaurants-museumsinsel-berlin\/\" dynamic-postlink=\"tcb_post_the_permalink\" data-shortcode-id=\"2579\"><\/a><\/p>\n<p style=\"padding-bottom: 0px !important; margin-bottom: 0px !important; color: var(--tcb-color-0) !important; --tcb-applied-color: var$(--tcb-color-0) !important;\"><a href=\"\" style=\"outline: none;\" data-lt-tmp-id=\"lt-514394\" spellcheck=\"false\">Weiterlesen<\/a><\/p>\n<h2 style=\"\"><span data-attr-css=\"\" data-attr-link=\"1\" data-attr-rel=\"0\" data-attr-static-link=\"{&quot;className&quot;:&quot;&quot;,&quot;href&quot;:&quot;https:\/\/museumislandberlin.com\/de\/restaurants-museumsinsel-berlin\/&quot;,&quot;title&quot;:&quot;Caf\u00e9s &amp; Restaurants&quot;,&quot;class&quot;:&quot;&quot;}\" data-attr-target=\"0\" data-extra_key=\"\" data-option-inline=\"1\" data-shortcode=\"tcb_post_title\" data-shortcode-name=\"Post title\" style=\"\"><a href=\"https:\/\/museumislandberlin.com\/de\/restaurants-museumsinsel-berlin\/\" title=\"Caf\u00e9s &amp; Restaurants\" data-css=\"\">Caf\u00e9s &amp; Restaurants<\/a><\/span><\/h2>\n<p><a href=\"https:\/\/museumislandberlin.com\/de\/museumsinsel-berlin-tickets\/\" dynamic-postlink=\"tcb_post_the_permalink\" data-shortcode-id=\"2579\"><\/a><\/p>\n<p style=\"padding-bottom: 0px !important; margin-bottom: 0px !important; color: var(--tcb-color-0) !important; --tcb-applied-color: var$(--tcb-color-0) !important;\"><a href=\"\" style=\"outline: none;\" data-lt-tmp-id=\"lt-514394\" spellcheck=\"false\">Weiterlesen<\/a><\/p>\n<h2 style=\"\"><span data-attr-css=\"\" data-attr-link=\"1\" data-attr-rel=\"0\" data-attr-static-link=\"{&quot;className&quot;:&quot;&quot;,&quot;href&quot;:&quot;https:\/\/museumislandberlin.com\/de\/restaurants-museumsinsel-berlin\/&quot;,&quot;title&quot;:&quot;Caf\u00e9s &amp; Restaurants&quot;,&quot;class&quot;:&quot;&quot;}\" data-attr-target=\"0\" data-extra_key=\"\" data-option-inline=\"1\" data-shortcode=\"tcb_post_title\" data-shortcode-name=\"Post title\" style=\"\"><a href=\"https:\/\/museumislandberlin.com\/de\/museumsinsel-berlin-tickets\/\" title=\"Museumsinsel Berlin Tickets\" data-css=\"\">Museumsinsel Berlin Tickets<\/a><\/span><\/h2>\n","protected":false},"excerpt":{"rendered":"<p>Museumsinsel Berlin: Anfahrt [tcb-script async=&#8220;&#8220; src=&#8220;https:\/\/pagead2.googlesyndication.com\/pagead\/js\/adsbygoogle.js?client=ca-pub-2544811981665443&#8243; crossorigin=&#8220;anonymous&#8220;][\/tcb-script][tcb-script] (adsbygoogle = window.adsbygoogle || []).push({});[\/tcb-script] Anfahrt &#8211; \u00dcberblick aller Optionen: Zu Fu\u00df: Die Museumsinsel Berlin liegt im Herzen von Berlin-Mitte. Vom Hackeschen Markt erreichen Sie sie nach einem 10-min\u00fctigen Spaziergang, vom Fernsehturm in&nbsp;11 Minuten, vom Alexanderplatz in 14 Minuten und von der Friedrichstra\u00dfe in 15 Minuten. (Die Entfernungen [&hellip;]<\/p>\n","protected":false},"author":3,"featured_media":2450,"parent":0,"menu_order":0,"comment_status":"closed","ping_status":"closed","template":"","meta":{"footnotes":""},"class_list":["post-2586","page","type-page","status-publish","has-post-thumbnail","hentry","post-wrapper","thrv_wrapper"],"wp-worthy-pixel":{"ignored":false,"public":null,"server":null,"url":null},"wp-worthy-type":"normal","_links":{"self":[{"href":"https:\/\/museumislandberlin.com\/de\/wp-json\/wp\/v2\/pages\/2586","targetHints":{"allow":["GET"]}}],"collection":[{"href":"https:\/\/museumislandberlin.com\/de\/wp-json\/wp\/v2\/pages"}],"about":[{"href":"https:\/\/museumislandberlin.com\/de\/wp-json\/wp\/v2\/types\/page"}],"author":[{"embeddable":true,"href":"https:\/\/museumislandberlin.com\/de\/wp-json\/wp\/v2\/users\/3"}],"replies":[{"embeddable":true,"href":"https:\/\/museumislandberlin.com\/de\/wp-json\/wp\/v2\/comments?post=2586"}],"version-history":[{"count":19,"href":"https:\/\/museumislandberlin.com\/de\/wp-json\/wp\/v2\/pages\/2586\/revisions"}],"predecessor-version":[{"id":3840,"href":"https:\/\/museumislandberlin.com\/de\/wp-json\/wp\/v2\/pages\/2586\/revisions\/3840"}],"wp:featuredmedia":[{"embeddable":true,"href":"https:\/\/museumislandberlin.com\/de\/wp-json\/wp\/v2\/media\/2450"}],"wp:attachment":[{"href":"https:\/\/museumislandberlin.com\/de\/wp-json\/wp\/v2\/media?parent=2586"}],"curies":[{"name":"wp","href":"https:\/\/api.w.org\/{rel}","templated":true}]}}