{"id":2590,"date":"2022-12-21T11:15:31","date_gmt":"2022-12-21T11:15:31","guid":{"rendered":"https:\/\/museumislandberlin.com\/legal-notice\/"},"modified":"2024-04-03T07:24:02","modified_gmt":"2024-04-03T07:24:02","slug":"legal-notice","status":"publish","type":"page","link":"https:\/\/museumislandberlin.com\/de\/legal-notice\/","title":{"rendered":"Legal Notice"},"content":{"rendered":"<h1 style=\"\"><strong>Legal Notice<\/strong><\/h1>\n<p style=\"\">Platform of the EU-Commission for alternative dispute resolution: <a href=\"httpss%3A\/\/ec.europa.eu\/consumers\/odr\" style=\"outline: none;\">httpss:\/\/ec.europa.eu\/consumers\/odr<\/a>We are not obliged or willing to participate in a dispute resolution by an independent consumer arbitration service.<\/p>\n<p style=\"\"><strong>MOST AMAZING PLACES TANITIM VE T\u0130C. A.\u015e.<\/strong>G\u00fcm\u00fc\u015fsuyu Mah. \u0130n\u00f6n\u00fc Cd. Melek Apt, NO: 11, K1 D2, 34437 Beyo\u011flu\/\u0130stanbul, Website: <a href=\"https:\/\/most-amazing-places.com\/\" target=\"_blank\" rel=\"noopener nofollow\">https:\/\/most-amazing-places.com\/<\/a><\/p>\n","protected":false},"excerpt":{"rendered":"<p>Legal Notice Platform of the EU-Commission for alternative dispute resolution: httpss:\/\/ec.europa.eu\/consumers\/odrWe are not obliged or willing to participate in a dispute resolution by an independent consumer arbitration service. MOST AMAZING PLACES TANITIM VE T\u0130C. A.\u015e.G\u00fcm\u00fc\u015fsuyu Mah. \u0130n\u00f6n\u00fc Cd. Melek Apt, NO: 11, K1 D2, 34437 Beyo\u011flu\/\u0130stanbul, Website: https:\/\/most-amazing-places.com\/<\/p>\n","protected":false},"author":3,"featured_media":0,"parent":0,"menu_order":0,"comment_status":"closed","ping_status":"closed","template":"","meta":{"footnotes":""},"class_list":["post-2590","page","type-page","status-publish","hentry","post-wrapper","thrv_wrapper"],"wp-worthy-pixel":{"ignored":false,"public":null,"server":null,"url":null},"wp-worthy-type":"normal","_links":{"self":[{"href":"https:\/\/museumislandberlin.com\/de\/wp-json\/wp\/v2\/pages\/2590","targetHints":{"allow":["GET"]}}],"collection":[{"href":"https:\/\/museumislandberlin.com\/de\/wp-json\/wp\/v2\/pages"}],"about":[{"href":"https:\/\/museumislandberlin.com\/de\/wp-json\/wp\/v2\/types\/page"}],"author":[{"embeddable":true,"href":"https:\/\/museumislandberlin.com\/de\/wp-json\/wp\/v2\/users\/3"}],"replies":[{"embeddable":true,"href":"https:\/\/museumislandberlin.com\/de\/wp-json\/wp\/v2\/comments?post=2590"}],"version-history":[{"count":3,"href":"https:\/\/museumislandberlin.com\/de\/wp-json\/wp\/v2\/pages\/2590\/revisions"}],"predecessor-version":[{"id":3098,"href":"https:\/\/museumislandberlin.com\/de\/wp-json\/wp\/v2\/pages\/2590\/revisions\/3098"}],"wp:attachment":[{"href":"https:\/\/museumislandberlin.com\/de\/wp-json\/wp\/v2\/media?parent=2590"}],"curies":[{"name":"wp","href":"https:\/\/api.w.org\/{rel}","templated":true}]}}