{"id":2592,"date":"2023-08-01T08:40:00","date_gmt":"2023-08-01T08:40:00","guid":{"rendered":"https:\/\/museumislandberlin.com\/opening-hours\/"},"modified":"2026-01-15T06:52:54","modified_gmt":"2026-01-15T06:52:54","slug":"museumsinsel-berlin-offnungszeiten","status":"publish","type":"page","link":"https:\/\/museumislandberlin.com\/de\/museumsinsel-berlin-offnungszeiten\/","title":{"rendered":"Museumsinsel Berlin \u00d6ffnungszeiten"},"content":{"rendered":"<h1 style=\"text-align: left;\">Museumsinsel Berlin: \u00d6ffnungszeiten<\/h1>\n<p><span><img decoding=\"async\" alt=\"\u00d6ffnungszeiten: Beste Zeit f\u00fcr einen Besuch der Museumsinsel Berlin\" data-id=\"1790\" width=\"508\" data-init-width=\"1920\" height=\"311\" data-init-height=\"1176\" title=\"\u00d6ffnungszeiten: Beste Zeit f\u00fcr einen Besuch der Museumsinsel Berlin\" src=\"https:\/\/museumislandberlin.com\/wp-content\/uploads\/2023\/08\/Best-Time-to-Visit-Museum-Island-scaled.jpg\" data-width=\"508\" style=\"aspect-ratio: auto 1920 \/ 1176;\" data-height=\"311\" loading=\"lazy\"><\/span><\/p>\n<h2 style=\"\"><strong>Beste Zeit f\u00fcr einen Besuch der Museumsinsel Berlin<\/strong><\/h2>\n<p dir=\"ltr\">Die Museumsinsel Berlin l\u00e4sst sich am besten erkunden, wenn es weniger \u00fcberlaufen ist, was ein entspannteres Erlebnis erm\u00f6glicht. Ein optimaler Zeitraum f\u00fcr einen Besuch der Museen liegt <strong>zwischen 10 Uhr morgens und 14 Uhr nachmittags.<\/strong> Zus\u00e4tzlich bieten sich <strong>Donnerstagabende<\/strong><strong>zwischen 18 und 20 Uhr an,<\/strong> da das Pergamonmuseum und das Neue Museum bis 20 Uhr abends ge\u00f6ffnet haben.<\/p>\n<p dir=\"ltr\">In Berlin sind die Monate von <strong>Juli bis Oktober normalerweise am belebtesten,<\/strong> besonders der August.&nbsp;<span>In den Wintermonaten, abgesehen von den Weihnachtsferien, ist die Besucherzahl tendenziell geringer.<\/span><\/p>\n<p dir=\"ltr\"><span><\/span><span>Besucher, die ihre Reise nach Berlin planen, sollten sich zudem \u00fcber die<strong> Schulferien in der Stadt informieren<\/strong>, um einen Eindruck von potenziellem Besucherandrang zu bekommen. Auf diese Weise k\u00f6nnen Sie Ihren Aufenthalt optimal planen.<\/span><\/p>\n<p>[tcb-script async=&#8220;&#8220; src=&#8220;https:\/\/pagead2.googlesyndication.com\/pagead\/js\/adsbygoogle.js?client=ca-pub-2544811981665443&#8243; crossorigin=&#8220;anonymous&#8220;][\/tcb-script]<!-- MIBDE opening hours getting there faq -->[tcb-script]     (adsbygoogle = window.adsbygoogle || []).push({});[\/tcb-script]<span><img decoding=\"async\" alt=\"Wie viel Zeit sollte ich f\u00fcr einen Besuch der Museumsinsel Berlin einplanen?\" data-id=\"1791\" width=\"508\" data-init-width=\"1920\" height=\"338\" data-init-height=\"1280\" title=\"Wie viel Zeit sollte ich f\u00fcr einen Besuch der Museumsinsel Berlin einplanen?\" src=\"https:\/\/museumislandberlin.com\/wp-content\/uploads\/2023\/08\/How-Much-Time-Should-I-Plan-to-Visit-Museum-Island-scaled.jpg\" data-width=\"508\" style=\"aspect-ratio: auto 1920 \/ 1280;\" data-height=\"338\" loading=\"lazy\"><\/span><\/p>\n<h2 style=\"\"><strong>Wie viel Zeit sollte ich f\u00fcr einen Besuch der Museumsinsel Berlin einplanen?<\/strong><\/h2>\n<p style=\"\">Die Museen auf der Museumsinsel variieren in ihrer Gr\u00f6\u00dfe und dem Umfang ihrer Sammlungen. F\u00fcr eine angemessene Erkundung jedes Museums empfiehlt sich, <strong>etwa 2,5 Stunden pro Museum einzuplanen<\/strong>. <\/p>\n<p style=\"\">Dies erm\u00f6glicht es Ihnen, die Ausstellungen in Ruhe zu genie\u00dfen und die Vielfalt der Kunstwerke und Artefakte vollst\u00e4ndig zu erfassen.<\/p>\n<h2 id=\"t-1682328918099\" style=\"text-align: center;\"><strong>Museumsinsel Berlin Tickets &amp; Touren vergleichen<\/strong><\/h2>\n<h3 id=\"t-1692280270785\" style=\"text-align: center;\">Kombitickets &amp; City P\u00e4sse<\/h3>\n<h4 style=\"text-align: left; color: var(--tcb-skin-color-16) !important; --tcb-applied-color: var$(--tcb-skin-color-16) !important;\"><em>Bestseller-Ticket f\u00fcr die Museumsinsel Berlin<\/em><\/h4>\n<p><span style=\"\"><a href=\"https:\/\/gyg.me\/HcQoN8bd\" target=\"_blank\" rel=\"nofollow noopener\"><img decoding=\"async\" alt=\"Berlin: Museum Island's Museums Skip-the-Line Ticket Pass\" data-id=\"3127\" width=\"207\" data-init-width=\"960\" height=\"138\" data-init-height=\"640\" title=\"MIB 1\" src=\"https:\/\/museumislandberlin.com\/wp-content\/uploads\/2024\/06\/MIB-1.jpeg\" data-width=\"207\" data-height=\"138\" style=\"aspect-ratio: auto 960 \/ 640;\" mt-t=\"0\" ml-t=\"0\" mt-m=\"0\" ml-m=\"0\" data-link-wrap=\"true\" loading=\"lazy\"><\/a><\/span><\/p>\n<h2 style=\"text-align: left;\" data-hide=\"true\"><a href=\"https:\/\/gyg.me\/HcQoN8bd\" target=\"_blank\" rel=\"nofollow noopener\" style=\"outline: none;\" data-lt-tmp-id=\"lt-879675\" spellcheck=\"false\">Berlin: Museumsinsel Multiple Museum Entry Ticket<\/a><\/h2>\n<p style=\"text-align: left;\">Entdecke die Museumsinsel in Berlin mit diesem Ticket, das einen Tag lang in allen H\u00e4usern der Museumsinsel (Altes Museum, Neues Museum, Bodemuseum, Das Panorama, Alte Nationalgalerie) g\u00fcltig ist.<\/p>\n<p style=\"\"><a href=\"https:\/\/gyg.me\/HcQoN8bd\" target=\"_blank\" rel=\"nofollow noopener\" style=\"outline: none;\" data-lt-tmp-id=\"lt-109877\" spellcheck=\"false\">+ Mehr Informationen<\/a><\/p>\n<p data-hide=\"true\" id=\"t-1692282155287\" style=\"\"><strong><span>24,00 <strong><span>\u20ac<\/span><\/strong><\/span><\/strong><\/p>\n<p style=\"text-align: center;\"><a href=\"https:\/\/gyg.me\/HcQoN8bd\" target=\"_blank\" rel=\"nofollow noopener\" style=\"outline: none;\">4.7 \/ 5 (880)<\/a><\/p>\n<p><span style=\"\"><a href=\"https:\/\/gyg.me\/QSAXT6T6\" target=\"_blank\" rel=\"nofollow noopener\"><img decoding=\"async\" alt=\"Berlin Welcome Card\" data-id=\"3129\" width=\"207\" data-init-width=\"960\" height=\"138\" data-init-height=\"640\" title=\"Berlin Welcome Card\" src=\"https:\/\/museumislandberlin.com\/wp-content\/uploads\/2024\/06\/Berlin-Welcome-Card.jpeg\" data-width=\"207\" data-height=\"138\" style=\"aspect-ratio: auto 960 \/ 640;\" mt-t=\"0\" ml-t=\"0\" mt-m=\"0\" ml-m=\"0\" data-link-wrap=\"true\" loading=\"lazy\"><\/a><\/span><\/p>\n<h2 style=\"text-align: left;\" id=\"t-1692362877775\" data-hide=\"true\"><a href=\"https:\/\/gyg.me\/QSAXT6T6\" target=\"_blank\" rel=\"nofollow noopener\" style=\"outline: none;\">Berlin: WelcomeCard All Inclusive<\/a><\/h2>\n<p style=\"text-align: left;\">Genie\u00dfe mit der Berlin WelcomeCard freien Eintritt zu den Top-Attraktionen und Rabatte in Restaurants. Fahre kostenlos mit dem Hop-On\/Hop-Off-Bus durch die Stadt und spare bei bestimmten Aktivit\u00e4ten bis zur H\u00e4lfte des Preises.<\/p>\n<p style=\"\"><a href=\"https:\/\/gyg.me\/QSAXT6T6\" target=\"_blank\" rel=\"nofollow noopener\" style=\"outline: none;\" data-lt-tmp-id=\"lt-653956\" spellcheck=\"false\">+ Mehr Informationen<\/a><\/p>\n<p data-hide=\"true\" id=\"t-1692350085838\" style=\"\"><strong><span>95,00 <strong><span>\u20ac<\/span><\/strong><\/span><\/strong><\/p>\n<p style=\"text-align: center;\"><a href=\"https:\/\/gyg.me\/QSAXT6T6\" target=\"_blank\" rel=\"nofollow noopener\" style=\"outline: none;\">4.2 \/ 5 (25)<\/a><\/p>\n<h4 style=\"text-align: left; color: var(--tcb-skin-color-16) !important; --tcb-applied-color: var$(--tcb-skin-color-16) !important;\"><em>Bevorzugtes Kombiticket f\u00fcr die Museumsinsel Berlin<\/em><\/h4>\n<p><span style=\"\"><a href=\"https:\/\/www.headout.com\/r\/most-amazing-placesrecommends-uC0tC\/\" target=\"_blank\" rel=\"nofollow noopener\"><img decoding=\"async\" alt=\"Berlin WelcomeCard: Museum Island &amp; Public Transport\" data-id=\"3131\" width=\"207\" data-init-width=\"741\" height=\"139\" data-init-height=\"495\" title=\"Ekran Resmi 2024-06-10 12.10.07\" src=\"https:\/\/museumislandberlin.com\/wp-content\/uploads\/2024\/06\/Ekran-Resmi-2024-06-10-12.10.07.png\" data-width=\"207\" data-height=\"139\" style=\"aspect-ratio: auto 741 \/ 495;\" mt-t=\"0\" ml-t=\"0\" mt-m=\"0\" ml-m=\"0\" data-link-wrap=\"true\" loading=\"lazy\"><\/a><\/span><\/p>\n<h2 style=\"text-align: left;\" id=\"t-1692362877776\" data-hide=\"true\"><a href=\"https:\/\/www.headout.com\/r\/most-amazing-placesrecommends-uC0tC\/\" target=\"_blank\" rel=\"nofollow noopener\" style=\"outline: none;\">Berlin WelcomeCard: Freier Zugang zu Museen und unbegrenzte Nutzung der \u00f6ffentlichen Verkehrsmittel<\/a><\/h2>\n<p style=\"text-align: left;\">Erkunden Sie Berlin mit der Berlin WelcomeCard mit exklusivem Zugang zu den 5 Museen auf der Berliner Museumsinsel und freiem Transport in den Zonen AB und ABC.<\/p>\n<p style=\"\"><a href=\"https:\/\/www.headout.com\/r\/most-amazing-placesrecommends-uC0tC\/\" target=\"_blank\" rel=\"nofollow noopener\" style=\"outline: none;\">+ Mehr Informationen<\/a><\/p>\n<p data-hide=\"true\" id=\"t-1692350085839\" style=\"\"><strong><span>62&nbsp;<strong><span>\u20ac<\/span><\/strong><\/span><\/strong><\/p>\n<p style=\"text-align: center;\"><a href=\"https:\/\/www.headout.com\/r\/most-amazing-placesrecommends-uC0tC\/\" target=\"_blank\" rel=\"nofollow noopener\" style=\"outline: none;\">4.3 \/ 5 (2.1K)<\/a><\/p>\n<p style=\"text-align: center;\"><a href=\"https:\/\/museumislandberlin.com\/de\/museumsinsel-berlin-tickets\/\" style=\"outline: none;\" data-lt-tmp-id=\"lt-890997\" spellcheck=\"false\">+ Mehr Kombitickets &amp; City P\u00e4sse<\/a><\/p>\n<h3 id=\"t-1692350085841\" style=\"text-align: center;\">Einzeltickets &amp; Audioguides<\/h3>\n<p><span style=\"\"><a href=\"https:\/\/gyg.me\/GQSTkznu\" target=\"_blank\" rel=\"nofollow noopener\"><img decoding=\"async\" alt=\"Berlin-Pergamon-Museum-Entrance-Ticket\" data-id=\"1630\" width=\"207\" data-init-width=\"288\" height=\"277\" data-init-height=\"384\" title=\"Berlin-Pergamon-Museum-Entrance-Ticket\" src=\"https:\/\/museumislandberlin.com\/wp-content\/uploads\/2023\/08\/Berlin-Pergamon-Museum-Entrance-Ticket.jpg\" data-width=\"207\" data-height=\"277\" style=\"aspect-ratio: auto 288 \/ 384;\" mt-t=\"0\" ml-t=\"0\" mt-m=\"0\" ml-m=\"0\" data-link-wrap=\"true\" loading=\"lazy\" mt-d=\"-39\" ml-d=\"0\" center-v-d=\"false\"><\/a><\/span><\/p>\n<h2 style=\"text-align: left;\" id=\"t-1692362877778\" data-hide=\"true\"><a href=\"https:\/\/gyg.me\/GQSTkznu\" target=\"_blank\" rel=\"nofollow noopener\" style=\"outline: none;\" data-lt-tmp-id=\"lt-441721\" spellcheck=\"false\">Berlin: Pergamonmuseum Eintrittskarte<\/a><\/h2>\n<p style=\"text-align: left;\">Besuchen Sie den ber\u00fchmtesten Teil der Berliner Museumsinsel. Sehen Sie die Hauptattraktionen: das farbenfrohe Ishtar-Tor und die Prozessionsstra\u00dfe von Babylon. Bestaunen Sie die reich verzierte Steinfassade des Mschatta-Palastes<\/p>\n<p style=\"\"><a href=\"https:\/\/gyg.me\/GQSTkznu\" target=\"_blank\" rel=\"nofollow noopener\" style=\"outline: none;\">+ Mehr Informationen<\/a><\/p>\n<p data-hide=\"true\" id=\"t-1692350085842\" style=\"\"><strong><span>14,00 <strong><span>\u20ac<\/span><\/strong><\/span><\/strong><\/p>\n<p style=\"text-align: center;\"><a href=\"https:\/\/gyg.me\/GQSTkznu\" target=\"_blank\" rel=\"nofollow noopener\" style=\"outline: none;\">4.7 \/ 5 (2.3K)<\/a><\/p>\n<h4 style=\"text-align: left; color: var(--tcb-skin-color-16) !important; --tcb-applied-color: var$(--tcb-skin-color-16) !important;\"><em>Beliebteste Einzeltickets f\u00fcr die Museumsinsel Berlin<\/em><\/h4>\n<p><span style=\"\"><a href=\"https:\/\/gyg.me\/8NmjIZ7k\" target=\"_blank\" rel=\"nofollow noopener\"><img decoding=\"async\" alt=\"Berlin: Neues Museum Entry Ticket\" data-id=\"3133\" width=\"207\" data-init-width=\"960\" height=\"138\" data-init-height=\"640\" title=\"Berlin- Neues Museum Entry Ticket\" src=\"https:\/\/museumislandberlin.com\/wp-content\/uploads\/2024\/06\/Berlin-Neues-Museum-Entry-Ticket-.jpeg\" data-width=\"207\" data-height=\"138\" style=\"aspect-ratio: auto 960 \/ 640;\" mt-t=\"0\" ml-t=\"0\" mt-m=\"0\" ml-m=\"0\" data-link-wrap=\"true\" loading=\"lazy\"><\/a><\/span><\/p>\n<h2 style=\"text-align: left;\" id=\"t-1692362877779\" data-hide=\"true\"><a href=\"https:\/\/gyg.me\/8NmjIZ7k\" target=\"_blank\" rel=\"nofollow noopener\" style=\"outline: none;\" data-lt-tmp-id=\"lt-848981\" spellcheck=\"false\">Berlin: Neues Museum Eintrittskarte<\/a><\/h2>\n<p style=\"text-align: left;\">Besuche das Neue Museum und entdecke seine Sch\u00e4tze. Bewundere Exponate des \u00c4gyptischen Museums, der Antikensammlung und des Museums f\u00fcr Vor- und Fr\u00fchgeschichte.<\/p>\n<p style=\"\"><a href=\"https:\/\/gyg.me\/8NmjIZ7k\" target=\"_blank\" rel=\"nofollow noopener\" style=\"outline: none;\" data-lt-tmp-id=\"lt-530470\" spellcheck=\"false\">+ Mehr Informationen<\/a><\/p>\n<p data-hide=\"true\" id=\"t-1692350085843\" style=\"\"><strong><span>14,00 <strong><span>\u20ac<\/span><\/strong><\/span><\/strong><\/p>\n<p style=\"text-align: center;\"><a href=\"https:\/\/gyg.me\/8NmjIZ7k\" target=\"_blank\" rel=\"nofollow noopener\" style=\"outline: none;\">4.7 \/ 5 (2.3K)<\/a><\/p>\n<p><span style=\"\"><a href=\"https:\/\/www.getyourguide.de\/s?partner_id=NO9XIDE&amp;utm_medium=online_publisher&amp;cmp=MIBDasPanaromaMS&amp;et=387352&amp;lc=17\" target=\"_blank\" rel=\"nofollow noopener\"><img decoding=\"async\" alt=\"Pergamon Museum \u2013 The Panorama: Exhibition by Yadegar Asisi\" data-id=\"3135\" width=\"207\" data-init-width=\"753\" height=\"157\" data-init-height=\"569\" title=\"Ekran Resmi 2024-06-10 12.56.12\" src=\"https:\/\/museumislandberlin.com\/wp-content\/uploads\/2024\/06\/Ekran-Resmi-2024-06-10-12.56.12.png\" data-width=\"207\" data-height=\"157\" style=\"aspect-ratio: auto 753 \/ 569;\" mt-t=\"0\" ml-t=\"0\" mt-m=\"0\" ml-m=\"0\" data-link-wrap=\"true\" loading=\"lazy\"><\/a><\/span><\/p>\n<h2 style=\"text-align: left;\" id=\"t-1692362877780\" data-hide=\"true\"><a href=\"https:\/\/www.getyourguide.de\/s?partner_id=NO9XIDE&amp;utm_medium=online_publisher&amp;cmp=MIBDasPanaromaMS&amp;et=387352&amp;lc=17\" target=\"_blank\" rel=\"nofollow noopener\" style=\"outline: none;\" data-lt-tmp-id=\"lt-174275\" spellcheck=\"false\">Berlin: &#8222;Pergamonmuseum. Das Panorama&#8220; &#8211; Ausstellungsticket<\/a><\/h2>\n<p style=\"text-align: left;\">Digitale Zeitreise: Ihr Ticket f\u00fcr Yadegar Asisi im Pergamon-Panorama in Berlin!<\/p>\n<p style=\"\"><a href=\"https:\/\/www.getyourguide.de\/s?partner_id=NO9XIDE&amp;utm_medium=online_publisher&amp;cmp=MIBDasPanaromaMS&amp;et=387352&amp;lc=17\" target=\"_blank\" rel=\"nofollow noopener\" style=\"outline: none;\">+ Mehr Informationen<\/a><\/p>\n<p data-hide=\"true\" id=\"t-1692350085844\" style=\"\"><strong><span>14,00 <strong><span>\u20ac<\/span><\/strong><\/span><\/strong><\/p>\n<p style=\"text-align: center;\"><a href=\"https:\/\/www.getyourguide.de\/s?partner_id=NO9XIDE&amp;utm_medium=online_publisher&amp;cmp=MIBDasPanaromaMS&amp;et=387352&amp;lc=17\" target=\"_blank\" rel=\"nofollow noopener\" style=\"outline: none;\">4.7 \/ 5 (409)<\/a><\/p>\n<p><a href=\"https:\/\/museumislandberlin.com\/de\/haufige-fragen\/\" dynamic-postlink=\"tcb_post_the_permalink\" data-shortcode-id=\"2584\"><\/a><\/p>\n<p style=\"padding-bottom: 0px !important; margin-bottom: 0px !important; color: var(--tcb-color-0) !important; --tcb-applied-color: var$(--tcb-color-0) !important;\"><strong>Weiterlesen<\/strong><\/p>\n<h2 style=\"\"><span data-attr-css=\"\" data-attr-link=\"1\" data-attr-rel=\"0\" data-attr-static-link=\"{&quot;className&quot;:&quot;&quot;,&quot;href&quot;:&quot;https:\/\/museumislandberlin.com\/de\/haufige-fragen\/&quot;,&quot;title&quot;:&quot;H\u00e4ufige Fragen&quot;,&quot;class&quot;:&quot;&quot;}\" data-attr-target=\"0\" data-extra_key=\"\" data-option-inline=\"1\" data-shortcode=\"tcb_post_title\" data-shortcode-name=\"Post title\" style=\"\"><a href=\"https:\/\/museumislandberlin.com\/de\/haufige-fragen\/\" title=\"H\u00e4ufige Fragen\" data-css=\"\">H\u00e4ufige Fragen<\/a><\/span><\/h2>\n<p><a href=\"https:\/\/museumislandberlin.com\/de\/museumsinsel-berlin-tickets\/\" dynamic-postlink=\"tcb_post_the_permalink\" data-shortcode-id=\"2584\"><\/a><\/p>\n<p style=\"padding-bottom: 0px !important; margin-bottom: 0px !important; color: var(--tcb-color-0) !important; --tcb-applied-color: var$(--tcb-color-0) !important;\"><strong>Weiterlesen<\/strong><\/p>\n<h2 style=\"\"><span data-attr-css=\"\" data-attr-link=\"1\" data-attr-rel=\"0\" data-attr-static-link=\"{&quot;className&quot;:&quot;&quot;,&quot;href&quot;:&quot;https:\/\/museumislandberlin.com\/de\/haufige-fragen\/&quot;,&quot;title&quot;:&quot;H\u00e4ufige Fragen&quot;,&quot;class&quot;:&quot;&quot;}\" data-attr-target=\"0\" data-extra_key=\"\" data-option-inline=\"1\" data-shortcode=\"tcb_post_title\" data-shortcode-name=\"Post title\" style=\"\"><a href=\"https:\/\/museumislandberlin.com\/de\/museumsinsel-berlin-tickets\/\" title=\"Museumsinsel Berlin Tickets\" data-css=\"\">Museumsinsel Berlin Tickets<\/a><\/span><\/h2>\n","protected":false},"excerpt":{"rendered":"<p>Museumsinsel Berlin: \u00d6ffnungszeiten Beste Zeit f\u00fcr einen Besuch der Museumsinsel Berlin Die Museumsinsel Berlin l\u00e4sst sich am besten erkunden, wenn es weniger \u00fcberlaufen ist, was ein entspannteres Erlebnis erm\u00f6glicht. Ein optimaler Zeitraum f\u00fcr einen Besuch der Museen liegt zwischen 10 Uhr morgens und 14 Uhr nachmittags. Zus\u00e4tzlich bieten sich Donnerstagabendezwischen 18 und 20 Uhr an, [&hellip;]<\/p>\n","protected":false},"author":3,"featured_media":2449,"parent":0,"menu_order":0,"comment_status":"closed","ping_status":"closed","template":"","meta":{"footnotes":""},"class_list":["post-2592","page","type-page","status-publish","has-post-thumbnail","hentry","post-wrapper","thrv_wrapper"],"wp-worthy-pixel":{"ignored":false,"public":null,"server":null,"url":null},"wp-worthy-type":"normal","_links":{"self":[{"href":"https:\/\/museumislandberlin.com\/de\/wp-json\/wp\/v2\/pages\/2592","targetHints":{"allow":["GET"]}}],"collection":[{"href":"https:\/\/museumislandberlin.com\/de\/wp-json\/wp\/v2\/pages"}],"about":[{"href":"https:\/\/museumislandberlin.com\/de\/wp-json\/wp\/v2\/types\/page"}],"author":[{"embeddable":true,"href":"https:\/\/museumislandberlin.com\/de\/wp-json\/wp\/v2\/users\/3"}],"replies":[{"embeddable":true,"href":"https:\/\/museumislandberlin.com\/de\/wp-json\/wp\/v2\/comments?post=2592"}],"version-history":[{"count":21,"href":"https:\/\/museumislandberlin.com\/de\/wp-json\/wp\/v2\/pages\/2592\/revisions"}],"predecessor-version":[{"id":3842,"href":"https:\/\/museumislandberlin.com\/de\/wp-json\/wp\/v2\/pages\/2592\/revisions\/3842"}],"wp:featuredmedia":[{"embeddable":true,"href":"https:\/\/museumislandberlin.com\/de\/wp-json\/wp\/v2\/media\/2449"}],"wp:attachment":[{"href":"https:\/\/museumislandberlin.com\/de\/wp-json\/wp\/v2\/media?parent=2592"}],"curies":[{"name":"wp","href":"https:\/\/api.w.org\/{rel}","templated":true}]}}