{"id":2598,"date":"2023-08-09T10:18:20","date_gmt":"2023-08-09T10:18:20","guid":{"rendered":"https:\/\/museumislandberlin.com\/museums\/alte-nationalgalerie\/"},"modified":"2026-04-20T15:30:50","modified_gmt":"2026-04-20T15:30:50","slug":"alte-nationalgalerie","status":"publish","type":"page","link":"https:\/\/museumislandberlin.com\/de\/museen-museumsinsel-berlin\/alte-nationalgalerie\/","title":{"rendered":"Alte Nationalgalerie Berlin"},"content":{"rendered":"<h1>ALTE NATIONALGALERIE BERLIN<\/h1>\n<p style=\"\">Hier finden Sie wichtige Informationen zur Planung Ihres Besuchs der Alten Nationalgalerie, einschlie\u00dflich der <a href=\"#tve-jump-18e334d37bd\" jump-animation=\"smooth\" style=\"outline: none;\">historischen und architektonischen<\/a><span style=\"text-decoration: underline;\">&nbsp;<\/span><strong><span style=\"text-decoration: underline;\">Sch\u00e4tze<\/span><\/strong>, der <strong>Ausstellung<\/strong> und der <strong>\u00d6ffnungszeiten<\/strong>.<\/p>\n<p style=\"text-align: left;\"><strong>GESCHICHTE \/ ARCHITEKTUR<\/strong><\/p>\n<h2 id=\"t-1692609875206\" data-alt-text=\"Geschichte der Alten Nationalgalerie\">Geschichte der Alten Nationalgalerie<\/h2>\n<p dir=\"ltr\">Die Alte Nationalgalerie, ein historisches Geb\u00e4ude auf der Museumsinsel Berlin, ist ein <strong>denkmalgesch\u00fctztes Wahrzeichen<\/strong>, das im Jahr 1999 in die Liste de<strong>s UNESCO-Welterbes <\/strong>aufgenommen wurde.<\/p>\n<p>Die Entscheidung zur Gr\u00fcndung der Nationalgalerie Berlin wurde 1861 getroffen, nachdem der <strong>Bankier Johann Heinrich Wagener 262 Gem\u00e4lde deutscher und ausl\u00e4ndischer K\u00fcnstler gespendet hatte.<\/strong> Diese gro\u00dfz\u00fcgige Geste bildete den Grundstock der Nationalgalerie, die heute eine bedeutende Sammlung von Gem\u00e4lden und Skulpturen aus dem 19. Jahrhundert beherbergt.&nbsp;<\/p>\n<p dir=\"ltr\">Die Alte Nationalgalerie Berlin wurde dann<strong> zwischen 1866 und 1876 <\/strong>nach den Pl\u00e4nen von Friedrich August St\u00fcler errichtet.&nbsp;<\/p>\n<p>Im Inneren der Alten Nationalgalerie f\u00fchlt man sich durch die ausgestellten Kunstwerke in e<strong>ine Zeit vor 2500 Jahren im antiken Athen<\/strong>&nbsp;zur\u00fcckversetzt. Das Geb\u00e4ude selbst erinnert an einen&nbsp;<strong>antiken Tempel&nbsp;<\/strong>und wurde im preu\u00dfischen klassizistischen Stil erbaut. Am Eingang der Galerie begr\u00fc\u00dft Sie die pr\u00e4chtige Statue von IV. Friedrich Wilhelm auf dem Pferd.<\/p>\n<h2 style=\"text-align: left;\" id=\"t-1692609875207\" data-alt-text=\"Architektur der Alten Nationalgalerie\"><strong>Architektur der Alten Nationalgalerie<\/strong><\/h2>\n<p dir=\"ltr\">Das Geb\u00e4ude der Alte Nationalgalerie wurde von <strong>Friedrich<\/strong><strong>August<\/strong><strong>St\u00fcler<\/strong> nach Pl\u00e4nen von <strong>Carl<\/strong><strong>Busse<\/strong> entworfen und vereint Elemente des sp\u00e4ten Neoklassizismus und der fr\u00fchen Neorenaissance. Heinrich Strack war f\u00fcr die Umsetzung dieses Entwurfs verantwortlich. Ihr Ziel war es, die <strong>&#8222;Einheit von Kunst, Nation und Geschichte&#8220;<\/strong> zum Ausdruck zu bringen.<\/p>\n<p dir=\"ltr\">Daher finden sich in der Alten Nationalgalerie Elemente, die sowohl an einen Tempel als auch an eine Kirche (Apsis) und an ein Theater (Freitreppe) erinnern. W\u00e4hrend das \u00c4u\u00dfere des Geb\u00e4udes seine urspr\u00fcngliche Struktur beibeh\u00e4lt, wurde das Innere mehrfach renoviert, um es den ausgestellten Kunstwerken anzupassen.<\/p>\n<p dir=\"ltr\"><\/p>\n<p>[tcb-script async=&#8220;&#8220; src=&#8220;https:\/\/pagead2.googlesyndication.com\/pagead\/js\/adsbygoogle.js?client=ca-pub-2544811981665443&#8243; crossorigin=&#8220;anonymous&#8220;][\/tcb-script]<!-- MIB Musems DE -->[tcb-script]     (adsbygoogle = window.adsbygoogle || []).push({});[\/tcb-script]<\/p>\n<h2 data-alt-text=\"Sammlungen der Alten Nationalgalerie\" id=\"t-1692692162145\" style=\"\">Dauerausstellung und Sammlungen der Alten Nationalgalerie<\/h2>\n<p dir=\"ltr\" style=\"\">Die Sammlung der Alten Nationalgalerie bietet eine faszinierende Reise durch die Kunst des 19. Jahrhunderts. Hier finden Sie eine Vielzahl<strong> weltber\u00fchmter Gem\u00e4lde und Skulpturen, <\/strong>die die verschiedenen Str\u00f6mungen dieser Zeit widerspiegeln. Entdecken Sie die <strong>Werke von<\/strong><strong> renommierten K\u00fcnstlern<\/strong> wie Caspar David Friedrich, Paul C\u00e9zanne, Pierre-Auguste Renoir, Karl Friedrich Schinkel, Karl Blechen, \u00c9douard Manet, Claude Monet, Adolph von Menzel, Max Liebermann und Lovis Corinth. Tauchen Sie ein in die neoklassische Eleganz, die romantische Poesie und die aufkommende Moderne dieser einzigartigen Sammlung.<\/p>\n<p dir=\"ltr\" style=\"\">&nbsp;<\/p>\n<p dir=\"ltr\" style=\"\"><span style=\"text-decoration: underline;\">Lassen Sie uns gemeinsam diese Sch\u00e4tze der Kunstgeschichte erkunden:<\/span><\/p>\n<h3>1. Im ersten Stock der Alten Nationalgalerie:<\/h3>\n<p style=\"\">Auf dieser Etage finden Sie etliche Werke Adolph Menzels sowie Gem\u00e4lde von Caspar David Friedrich. Das <strong>wichtigste Merkmal der ersten Etage is<\/strong>t, dass Friedrichs Gem\u00e4lde die Botschaft vermitteln, dass die Betrachtung der Natur ein meditatives Erlebnis ist.<\/p>\n<p style=\"\">Dar\u00fcber hinaus befinden sich hier Kunstwerke von K\u00fcnstlern wie Christian Daniel Rauch, Antonio C\u00e1novas, John Constable und Gustave Courbets.<\/p>\n<h3 style=\"\">2. Im zweiten Stock der Alten Nationalgalerie:<\/h3>\n<p style=\"line-height: 1.75em !important;\">In dieser Etage der Alten Nationalgalerie Berlin befinden sich Gem\u00e4lde des franz\u00f6sischen und deutschen Impressionismus, sowie Gem\u00e4lde der Romantik und des Realismus.<br \/>Hier werden Werke ber\u00fchmter K\u00fcnstler wie Carl Spitzweg, Arnold B\u00f6cklin, Hans von Mar\u00e9es und Anselm Feuerbach ausgestellt.<\/p>\n<h3>3. Im dritten Stock der Alten Nationalgalerie:<\/h3>\n<p style=\"\">Hier erwarten Sie Werke aus der <strong>Romantik<\/strong> und der <strong>Goethe<\/strong>&#8211;<strong>Zeit<\/strong>. Dazu geh\u00f6ren Werke von Caspar David Friedrich, Karl Friedrich Schinkel, Carl Blechen und den nazarenischen K\u00fcnstlern, darunter Peter von Cornelius, Friedrich Wilhelm von Schadow und Friedrich Overbeck.<\/p>\n<h3 style=\"\">Highlights der Sammlung<\/h3>\n<p style=\"\">&#8211; Das Balkonzimmer und das Eisenwalzwerk (Gem\u00e4lde von Adolph Menzel)<br \/>&#8211; &#8218;Doppelstatue der Prinzessinnen Luise und Friederike von Preu\u00dfen&#8216; (Johann Gottfried Schadows Meisterwerk)<br \/>&#8211; Bronzestatue von Friedrich Wilhelm IV. (von Alexander Calandrelli)<br \/>&#8211; &#8218;M\u00f6nch am Meer&#8216; (Caspar David Friedrichs Gem\u00e4lde)<br \/>&#8211; &#8218;Im Sommer&#8216; (Gem\u00e4lde von Pierre-Auguste Renoir)<\/p>\n<p><span><img decoding=\"async\" alt=\"Alte Nationalgalerie Collections\" data-id=\"1898\" width=\"1920\" height=\"1440\" title=\"Alte Nationalgalerie Collections\" src=\"https:\/\/museumislandberlin.com\/wp-content\/uploads\/2023\/08\/Collections_01-2-1920x1440.jpg\" data-src=\"https:\/\/museumislandberlin.com\/wp-content\/uploads\/2023\/08\/Collections_01-2-scaled.jpg\" data-sizes=\"{&quot;thumbnail&quot;:{&quot;url&quot;:&quot;https:\/\/museumislandberlin.com\/wp-content\/uploads\/2023\/08\/Collections_01-2-150x150.jpg&quot;,&quot;height&quot;:150,&quot;width&quot;:150,&quot;orientation&quot;:&quot;landscape&quot;},&quot;medium&quot;:{&quot;url&quot;:&quot;https:\/\/museumislandberlin.com\/wp-content\/uploads\/2023\/08\/Collections_01-2-300x225.jpg&quot;,&quot;height&quot;:225,&quot;width&quot;:300,&quot;orientation&quot;:&quot;landscape&quot;},&quot;large&quot;:{&quot;url&quot;:&quot;https:\/\/museumislandberlin.com\/wp-content\/uploads\/2023\/08\/Collections_01-2-1920x1440.jpg&quot;,&quot;height&quot;:1440,&quot;width&quot;:1920,&quot;orientation&quot;:&quot;landscape&quot;},&quot;trp-custom-language-flag&quot;:{&quot;url&quot;:&quot;https:\/\/museumislandberlin.com\/wp-content\/uploads\/2023\/08\/Collections_01-2-16x12.jpg&quot;,&quot;height&quot;:12,&quot;width&quot;:16,&quot;orientation&quot;:&quot;landscape&quot;},&quot;full&quot;:{&quot;url&quot;:&quot;https:\/\/museumislandberlin.com\/wp-content\/uploads\/2023\/08\/Collections_01-2-scaled.jpg&quot;,&quot;height&quot;:1440,&quot;width&quot;:1920,&quot;orientation&quot;:&quot;landscape&quot;},&quot;1536x1536&quot;:{&quot;url&quot;:&quot;https:\/\/museumislandberlin.com\/wp-content\/uploads\/2023\/08\/Collections_01-2-1536x1152.jpg&quot;,&quot;height&quot;:1152,&quot;width&quot;:1536,&quot;orientation&quot;:&quot;landscape&quot;},&quot;2048x2048&quot;:{&quot;url&quot;:&quot;https:\/\/museumislandberlin.com\/wp-content\/uploads\/2023\/08\/Collections_01-2-2048x1536.jpg&quot;,&quot;height&quot;:1536,&quot;width&quot;:2048,&quot;orientation&quot;:&quot;landscape&quot;}}\" style=\"\" loading=\"lazy\"><\/span><span><img decoding=\"async\" alt=\"Alte Nationalgalerie Collections\" data-id=\"1897\" width=\"1920\" height=\"1336\" title=\"Alte Nationalgalerie Collections\" src=\"https:\/\/museumislandberlin.com\/wp-content\/uploads\/2023\/08\/Collections_05-1-1920x1336.jpg\" data-src=\"https:\/\/museumislandberlin.com\/wp-content\/uploads\/2023\/08\/Collections_05-1-scaled.jpg\" data-sizes=\"{&quot;thumbnail&quot;:{&quot;url&quot;:&quot;https:\/\/museumislandberlin.com\/wp-content\/uploads\/2023\/08\/Collections_05-1-150x150.jpg&quot;,&quot;height&quot;:150,&quot;width&quot;:150,&quot;orientation&quot;:&quot;landscape&quot;},&quot;medium&quot;:{&quot;url&quot;:&quot;https:\/\/museumislandberlin.com\/wp-content\/uploads\/2023\/08\/Collections_05-1-300x209.jpg&quot;,&quot;height&quot;:209,&quot;width&quot;:300,&quot;orientation&quot;:&quot;landscape&quot;},&quot;large&quot;:{&quot;url&quot;:&quot;https:\/\/museumislandberlin.com\/wp-content\/uploads\/2023\/08\/Collections_05-1-1920x1336.jpg&quot;,&quot;height&quot;:1336,&quot;width&quot;:1920,&quot;orientation&quot;:&quot;landscape&quot;},&quot;trp-custom-language-flag&quot;:{&quot;url&quot;:&quot;https:\/\/museumislandberlin.com\/wp-content\/uploads\/2023\/08\/Collections_05-1-18x12.jpg&quot;,&quot;height&quot;:12,&quot;width&quot;:18,&quot;orientation&quot;:&quot;landscape&quot;},&quot;full&quot;:{&quot;url&quot;:&quot;https:\/\/museumislandberlin.com\/wp-content\/uploads\/2023\/08\/Collections_05-1-scaled.jpg&quot;,&quot;height&quot;:1336,&quot;width&quot;:1920,&quot;orientation&quot;:&quot;landscape&quot;},&quot;1536x1536&quot;:{&quot;url&quot;:&quot;https:\/\/museumislandberlin.com\/wp-content\/uploads\/2023\/08\/Collections_05-1-1536x1069.jpg&quot;,&quot;height&quot;:1069,&quot;width&quot;:1536,&quot;orientation&quot;:&quot;landscape&quot;},&quot;2048x2048&quot;:{&quot;url&quot;:&quot;https:\/\/museumislandberlin.com\/wp-content\/uploads\/2023\/08\/Collections_05-1-2048x1425.jpg&quot;,&quot;height&quot;:1425,&quot;width&quot;:2048,&quot;orientation&quot;:&quot;landscape&quot;}}\" style=\"\" loading=\"lazy\"><\/span><span><img decoding=\"async\" alt=\"Alte Nationalgalerie Collections\" data-id=\"1896\" width=\"1920\" height=\"1281\" title=\"Alte Nationalgalerie Collections\" src=\"https:\/\/museumislandberlin.com\/wp-content\/uploads\/2023\/08\/Collections_04-2-1920x1281.jpg\" data-src=\"https:\/\/museumislandberlin.com\/wp-content\/uploads\/2023\/08\/Collections_04-2-scaled.jpg\" data-sizes=\"{&quot;thumbnail&quot;:{&quot;url&quot;:&quot;https:\/\/museumislandberlin.com\/wp-content\/uploads\/2023\/08\/Collections_04-2-150x150.jpg&quot;,&quot;height&quot;:150,&quot;width&quot;:150,&quot;orientation&quot;:&quot;landscape&quot;},&quot;medium&quot;:{&quot;url&quot;:&quot;https:\/\/museumislandberlin.com\/wp-content\/uploads\/2023\/08\/Collections_04-2-300x200.jpg&quot;,&quot;height&quot;:200,&quot;width&quot;:300,&quot;orientation&quot;:&quot;landscape&quot;},&quot;large&quot;:{&quot;url&quot;:&quot;https:\/\/museumislandberlin.com\/wp-content\/uploads\/2023\/08\/Collections_04-2-1920x1281.jpg&quot;,&quot;height&quot;:1281,&quot;width&quot;:1920,&quot;orientation&quot;:&quot;landscape&quot;},&quot;trp-custom-language-flag&quot;:{&quot;url&quot;:&quot;https:\/\/museumislandberlin.com\/wp-content\/uploads\/2023\/08\/Collections_04-2-18x12.jpg&quot;,&quot;height&quot;:12,&quot;width&quot;:18,&quot;orientation&quot;:&quot;landscape&quot;},&quot;full&quot;:{&quot;url&quot;:&quot;https:\/\/museumislandberlin.com\/wp-content\/uploads\/2023\/08\/Collections_04-2-scaled.jpg&quot;,&quot;height&quot;:1281,&quot;width&quot;:1920,&quot;orientation&quot;:&quot;landscape&quot;},&quot;1536x1536&quot;:{&quot;url&quot;:&quot;https:\/\/museumislandberlin.com\/wp-content\/uploads\/2023\/08\/Collections_04-2-1536x1025.jpg&quot;,&quot;height&quot;:1025,&quot;width&quot;:1536,&quot;orientation&quot;:&quot;landscape&quot;},&quot;2048x2048&quot;:{&quot;url&quot;:&quot;https:\/\/museumislandberlin.com\/wp-content\/uploads\/2023\/08\/Collections_04-2-2048x1367.jpg&quot;,&quot;height&quot;:1367,&quot;width&quot;:2048,&quot;orientation&quot;:&quot;landscape&quot;}}\" style=\"\" loading=\"lazy\"><\/span><span><img decoding=\"async\" alt=\"Alte Nationalgalerie Collections\" data-id=\"1895\" width=\"1920\" height=\"1280\" title=\"Alte Nationalgalerie Collections\" src=\"https:\/\/museumislandberlin.com\/wp-content\/uploads\/2023\/08\/Collections_03-2-1920x1280.jpg\" data-src=\"https:\/\/museumislandberlin.com\/wp-content\/uploads\/2023\/08\/Collections_03-2-scaled.jpg\" data-sizes=\"{&quot;thumbnail&quot;:{&quot;url&quot;:&quot;https:\/\/museumislandberlin.com\/wp-content\/uploads\/2023\/08\/Collections_03-2-150x150.jpg&quot;,&quot;height&quot;:150,&quot;width&quot;:150,&quot;orientation&quot;:&quot;landscape&quot;},&quot;medium&quot;:{&quot;url&quot;:&quot;https:\/\/museumislandberlin.com\/wp-content\/uploads\/2023\/08\/Collections_03-2-300x200.jpg&quot;,&quot;height&quot;:200,&quot;width&quot;:300,&quot;orientation&quot;:&quot;landscape&quot;},&quot;large&quot;:{&quot;url&quot;:&quot;https:\/\/museumislandberlin.com\/wp-content\/uploads\/2023\/08\/Collections_03-2-1920x1280.jpg&quot;,&quot;height&quot;:1280,&quot;width&quot;:1920,&quot;orientation&quot;:&quot;landscape&quot;},&quot;trp-custom-language-flag&quot;:{&quot;url&quot;:&quot;https:\/\/museumislandberlin.com\/wp-content\/uploads\/2023\/08\/Collections_03-2-18x12.jpg&quot;,&quot;height&quot;:12,&quot;width&quot;:18,&quot;orientation&quot;:&quot;landscape&quot;},&quot;full&quot;:{&quot;url&quot;:&quot;https:\/\/museumislandberlin.com\/wp-content\/uploads\/2023\/08\/Collections_03-2-scaled.jpg&quot;,&quot;height&quot;:1280,&quot;width&quot;:1920,&quot;orientation&quot;:&quot;landscape&quot;},&quot;1536x1536&quot;:{&quot;url&quot;:&quot;https:\/\/museumislandberlin.com\/wp-content\/uploads\/2023\/08\/Collections_03-2-1536x1024.jpg&quot;,&quot;height&quot;:1024,&quot;width&quot;:1536,&quot;orientation&quot;:&quot;landscape&quot;},&quot;2048x2048&quot;:{&quot;url&quot;:&quot;https:\/\/museumislandberlin.com\/wp-content\/uploads\/2023\/08\/Collections_03-2-2048x1365.jpg&quot;,&quot;height&quot;:1365,&quot;width&quot;:2048,&quot;orientation&quot;:&quot;landscape&quot;}}\" style=\"\" loading=\"lazy\"><\/span><span><img decoding=\"async\" alt=\"Alte Nationalgalerie Collections\" data-id=\"1894\" width=\"1920\" height=\"1280\" title=\"Alte Nationalgalerie Collections\" src=\"https:\/\/museumislandberlin.com\/wp-content\/uploads\/2023\/08\/Collections_02-2-1920x1280.jpg\" data-src=\"https:\/\/museumislandberlin.com\/wp-content\/uploads\/2023\/08\/Collections_02-2-scaled.jpg\" data-sizes=\"{&quot;thumbnail&quot;:{&quot;url&quot;:&quot;https:\/\/museumislandberlin.com\/wp-content\/uploads\/2023\/08\/Collections_02-2-150x150.jpg&quot;,&quot;height&quot;:150,&quot;width&quot;:150,&quot;orientation&quot;:&quot;landscape&quot;},&quot;medium&quot;:{&quot;url&quot;:&quot;https:\/\/museumislandberlin.com\/wp-content\/uploads\/2023\/08\/Collections_02-2-300x200.jpg&quot;,&quot;height&quot;:200,&quot;width&quot;:300,&quot;orientation&quot;:&quot;landscape&quot;},&quot;large&quot;:{&quot;url&quot;:&quot;https:\/\/museumislandberlin.com\/wp-content\/uploads\/2023\/08\/Collections_02-2-1920x1280.jpg&quot;,&quot;height&quot;:1280,&quot;width&quot;:1920,&quot;orientation&quot;:&quot;landscape&quot;},&quot;trp-custom-language-flag&quot;:{&quot;url&quot;:&quot;https:\/\/museumislandberlin.com\/wp-content\/uploads\/2023\/08\/Collections_02-2-18x12.jpg&quot;,&quot;height&quot;:12,&quot;width&quot;:18,&quot;orientation&quot;:&quot;landscape&quot;},&quot;full&quot;:{&quot;url&quot;:&quot;https:\/\/museumislandberlin.com\/wp-content\/uploads\/2023\/08\/Collections_02-2-scaled.jpg&quot;,&quot;height&quot;:1280,&quot;width&quot;:1920,&quot;orientation&quot;:&quot;landscape&quot;},&quot;1536x1536&quot;:{&quot;url&quot;:&quot;https:\/\/museumislandberlin.com\/wp-content\/uploads\/2023\/08\/Collections_02-2-1536x1024.jpg&quot;,&quot;height&quot;:1024,&quot;width&quot;:1536,&quot;orientation&quot;:&quot;landscape&quot;},&quot;2048x2048&quot;:{&quot;url&quot;:&quot;https:\/\/museumislandberlin.com\/wp-content\/uploads\/2023\/08\/Collections_02-2-2048x1365.jpg&quot;,&quot;height&quot;:1365,&quot;width&quot;:2048,&quot;orientation&quot;:&quot;landscape&quot;}}\" style=\"\" loading=\"lazy\"><\/span>[tcb-script async=&#8220;&#8220; src=&#8220;https:\/\/pagead2.googlesyndication.com\/pagead\/js\/adsbygoogle.js?client=ca-pub-2544811981665443&#8243; crossorigin=&#8220;anonymous&#8220;][\/tcb-script]<!-- MIB Musems DE -->[tcb-script]     (adsbygoogle = window.adsbygoogle || []).push({});[\/tcb-script]<\/p>\n<h2 id=\"t-1692609875203\" data-alt-text=\"Tickets &amp; Touren\">Alte Nationalgalerie Berlin: Tickets &amp; Touren<\/h2>\n<p><span style=\"\"><a href=\"https:\/\/gyg.me\/P7jMSald\" target=\"_blank\" rel=\"nofollow noopener\"><img decoding=\"async\" alt=\"Entry to Alte Nationalgalerie\" data-id=\"2141\" width=\"183\" data-init-width=\"288\" height=\"245\" data-init-height=\"384\" title=\"Entry to Alte Nationalgalerie\" src=\"https:\/\/museumislandberlin.com\/wp-content\/uploads\/2023\/08\/Entry-to-Alte-Nationalgalerie.jpg\" data-width=\"183\" data-height=\"245\" style=\"aspect-ratio: auto 288 \/ 384;\" mt-t=\"0\" ml-t=\"0\" mt-m=\"0\" ml-m=\"0\" data-link-wrap=\"true\" loading=\"lazy\" mt-d=\"-1\" ml-d=\"0\" center-v-d=\"false\"><\/a><\/span><\/p>\n<h2 style=\"text-align: left;\" data-hide=\"true\" data-alt-text=\"Berlin: Entry to Alte Nationalgalerie\"><a href=\"https:\/\/gyg.me\/P7jMSald\" target=\"_blank\" rel=\"nofollow noopener\" style=\"outline: none;\" data-lt-tmp-id=\"lt-320115\" spellcheck=\"false\">Berlin: Eintritt in die Alte Nationalgalerie<\/a><\/h2>\n<p style=\"text-align: left;\">Besuch die Alte Nationalgalerie, die ein Teil des UNESCO-Weltkulturerbes der Museumsinsel ist. Entdecke Werke des Klassizismus, der Romantik, des Biedermeier, des Impressionismus und der beginnenden Moderne.<\/p>\n<p style=\"\"><a href=\"https:\/\/gyg.me\/P7jMSald\" target=\"_blank\" rel=\"nofollow noopener\" style=\"outline: none;\" data-lt-tmp-id=\"lt-159890\" spellcheck=\"false\">+ Mehr Details<\/a><\/p>\n<p data-hide=\"true\" id=\"t-1692282155287\" style=\"\"><strong><span>14,00 <strong><span>\u20ac<\/span><\/strong><\/span><\/strong><\/p>\n<p style=\"text-align: center;\"><a href=\"https:\/\/gyg.me\/P7jMSald\" target=\"_blank\" rel=\"nofollow noopener\" style=\"outline: none;\">4.7 \/ 5 (417)<\/a><\/p>\n<p><span style=\"\"><a href=\"https:\/\/www.headout.com\/r\/most-amazing-placesrecommends-uC0tC\/\" target=\"_blank\" rel=\"nofollow noopener\"><img decoding=\"async\" alt=\"Berlin WelcomeCard: Museum Island &amp; Public Transport\" data-id=\"3131\" width=\"246\" data-init-width=\"741\" height=\"164\" data-init-height=\"495\" title=\"Ekran Resmi 2024-06-10 12.10.07\" src=\"https:\/\/museumislandberlin.com\/wp-content\/uploads\/2024\/06\/Ekran-Resmi-2024-06-10-12.10.07.png\" data-width=\"246\" data-height=\"164\" style=\"aspect-ratio: auto 741 \/ 495;\" mt-t=\"0\" ml-t=\"0\" mt-m=\"0\" ml-m=\"0\" data-link-wrap=\"true\" loading=\"lazy\" ml-d=\"-33\" mt-d=\"0\" center-h-d=\"false\"><\/a><\/span><\/p>\n<h2 style=\"text-align: left;\" id=\"t-1692362877776\" data-hide=\"true\"><a href=\"https:\/\/www.headout.com\/r\/most-amazing-placesrecommends-uC0tC\/\" target=\"_blank\" rel=\"nofollow noopener\" style=\"outline: none;\">Berlin WelcomeCard: Freier Zugang zu Museen und unbegrenzte Nutzung der \u00f6ffentlichen Verkehrsmittel<\/a><\/h2>\n<p style=\"text-align: left;\">Erkunden Sie Berlin mit der Berlin WelcomeCard mit exklusivem Zugang zu den 5 Museen auf der Berliner Museumsinsel und freiem Transport in den Zonen AB und ABC.<\/p>\n<p style=\"\"><a href=\"https:\/\/www.headout.com\/r\/most-amazing-placesrecommends-uC0tC\/\" target=\"_blank\" rel=\"nofollow noopener\" style=\"outline: none;\">+ Mehr Informationen<\/a><\/p>\n<p data-hide=\"true\" id=\"t-1692350085839\" style=\"\"><strong><span>62,00&nbsp;<strong><span>\u20ac<\/span><\/strong><\/span><\/strong><\/p>\n<p style=\"text-align: center;\"><a href=\"https:\/\/www.headout.com\/r\/most-amazing-placesrecommends-uC0tC\/\" target=\"_blank\" rel=\"nofollow noopener\" style=\"outline: none;\">4.3 \/ 5 (2.1K)<\/a><\/p>\n<p style=\"text-align: center;\"><a href=\"https:\/\/museumislandberlin.com\/de\/museumsinsel-berlin-tickets\/\" style=\"outline: none;\" data-lt-tmp-id=\"lt-769201\" spellcheck=\"false\">+ Mehr Kombitickets &amp; City P\u00e4sse<\/a><\/p>\n<p><span style=\"\"><img decoding=\"async\" alt=\"Plan Your Visit to the Alte Nationalgalerie Berlin\" data-id=\"1892\" width=\"1080\" data-init-width=\"1920\" height=\"608\" data-init-height=\"1080\" title=\"Plan Your Visit to the Alte Nationalgalerie Berlin\" src=\"https:\/\/museumislandberlin.com\/wp-content\/uploads\/2023\/08\/Plan-Your-Visit-to-the-Alte-Nationalgalerie-Berlin-scaled.jpg\" data-width=\"1080\" data-height=\"608\" style=\"aspect-ratio: auto 1920 \/ 1080;\" mt-d=\"0\" ml-d=\"0\" center-v-d=\"false\" mt-t=\"0\" ml-t=\"0\" loading=\"lazy\"><\/span><\/p>\n<h2 id=\"t-1692609875209\" style=\"\" data-alt-text=\"Planen Sie Ihren Besuch\">Planen Sie Ihren Besuch in der Alten Nationalgalerie Berlin<\/h2>\n<h3>Standort &amp; Adresse<\/h3>\n<p style=\"\">Bodestra\u00dfe 1-3, 10178 Berlin<\/p>\n<h3 style=\"\">Anfahrt zur Alten Nationalgalerie<\/h3>\n<p style=\"line-height: 1.75em !important;\"><strong>&#8211; U-Bahn:<\/strong> Museumsinsel (U5)<br \/><strong>&#8211; S-Bahn:<\/strong> Friedrichstra\u00dfe, Hackescher Markt<br \/><strong>&#8211; Tram:<\/strong> Am Kupfergraben, Hackescher Markt<br \/><strong>&#8211; Bus:<\/strong> Staatsoper, Lustgarten<\/p>\n<p style=\"line-height: 1.75em !important;\"><a href=\"https:\/\/museumislandberlin.com\/de\/museumsinsel-berlin-anfahrt\/\" style=\"outline: none;\" data-lt-tmp-id=\"lt-93190\" spellcheck=\"false\">&gt;&gt; Mehr Details&nbsp;<\/a><\/p>\n<h3 style=\"\">\u00d6ffungszeiten<\/h3>\n<p style=\"line-height: 1.75em !important;\"><strong>&#8211; Mo geschlossen<br \/>&#8211; Di: <\/strong>10:00 &#8211; 18:00 Uhr<strong><br \/>&#8211; Mi: <\/strong>10:00 &#8211; 18:00 Uhr<strong><br \/>&#8211; Do: <\/strong>10:00 &#8211; 18:00 Uhr<strong><br \/>&#8211; Fr: <\/strong>10:00 &#8211; 18:00 Uhr<strong><br \/>&#8211; Sa: <\/strong>10:00 &#8211; 18:00 Uhr<strong><br \/>&#8211; So: <\/strong>10:00 &#8211; 18:00 Uhr<\/p>\n<p style=\"line-height: 1.75em !important;\"><a href=\"https:\/\/museumislandberlin.com\/de\/museumsinsel-berlin-offnungszeiten\/\" style=\"outline: none;\" data-lt-tmp-id=\"lt-170192\" spellcheck=\"false\">&gt;&gt; \u00d6ffnungszeiten der Museumsinsel Berlin<\/a><\/p>\n<p dir=\"ltr\" style=\"text-align: left;\"><\/p>\n<p>[tcb-script async=&#8220;&#8220; src=&#8220;https:\/\/pagead2.googlesyndication.com\/pagead\/js\/adsbygoogle.js?client=ca-pub-2544811981665443&#8243; crossorigin=&#8220;anonymous&#8220;][\/tcb-script]<!-- MIB Musems DE -->[tcb-script]     (adsbygoogle = window.adsbygoogle || []).push({});[\/tcb-script]<\/p>\n<h2 style=\"\" id=\"t-1692609875210\" data-alt-text=\"Was Sie vor Ihrem Besuch wissen sollten\">Wissenswertes vor dem Besuch der Alten Nationalgalerie<\/h2>\n<p><strong>F\u00fcr die Aufbewahrung von M\u00e4nteln und sperrigen Gegenst\u00e4nden, die w\u00e4hrend einer Ausstellung ein Sicherheitsproblem darstellen k\u00f6nnten, steht eine Garderobe zur Verf\u00fcgung. In einigen Museen wird daf\u00fcr eine geringe Geb\u00fchr erhoben, daher ist es ratsam, etwas Kleingeld dabei zu haben.<br \/><\/strong><\/p>\n<p style=\"text-align: left;\"><strong>Kinder und Jugendliche unter 18 Jahren haben freien Eintritt. <span style=\"text-decoration: underline;\">Vergessen Sie nicht, den Ausweis Ihrer Kinder mitzubringen.<\/span><\/strong><\/p>\n<p><strong><span>Bitte lesen Sie die Regeln Ihres Tckets sorgf\u00e4ltig durch. Beachten Sie, dass Sie die Alter Nationalgalerie innerhalb des auf der Eintrittskarte angegebenen Zeitfensters betreten m\u00fcssen.<\/span><\/strong><\/p>\n<p style=\"text-align: left;\"><strong>In Berlin ist der Sonntag ein freier Museumstag. Allerdings ist auch f\u00fcr diese Museen <span style=\"text-decoration: underline;\">eine Reservierung erforderlich.<\/span><\/strong><\/p>\n<p><strong>Die Alte Nationalgalerie auf der Museumsinsel Berlin ist ein gro\u00dfes Museum. Wir empfehlen, <span style=\"text-decoration: underline;\">Sportschuhe<\/span> zu tragen, da Sie viel laufen werden.<\/strong><\/p>\n<p style=\"text-align: left;\"><strong>Wir empfehlen die Teilnahme an F\u00fchrungen oder einer selbstgef\u00fchrten Audiotour, um die umfangreiche Geschichte der Alten Nationalgalerie zu verstehen und ihr kulturelles Erbe bequem zu erkunden.<\/strong><\/p>\n<h2 data-alt-text=\"H\u00e4ufig gestellte Fragen\" id=\"t-1692609875212\" style=\"text-align: left;\">H\u00e4ufig gestellte Fragen: Alte Nationalgalerie in Berlin<\/h2>\n","protected":false},"excerpt":{"rendered":"<p>ALTE NATIONALGALERIE BERLIN Hier finden Sie wichtige Informationen zur Planung Ihres Besuchs der Alten Nationalgalerie, einschlie\u00dflich der historischen und architektonischen&nbsp;Sch\u00e4tze, der Ausstellung und der \u00d6ffnungszeiten. GESCHICHTE \/ ARCHITEKTUR Geschichte der Alten Nationalgalerie Die Alte Nationalgalerie, ein historisches Geb\u00e4ude auf der Museumsinsel Berlin, ist ein denkmalgesch\u00fctztes Wahrzeichen, das im Jahr 1999 in die Liste des UNESCO-Welterbes [&hellip;]<\/p>\n","protected":false},"author":5,"featured_media":0,"parent":2595,"menu_order":0,"comment_status":"closed","ping_status":"closed","template":"","meta":{"footnotes":""},"class_list":["post-2598","page","type-page","status-publish","hentry","post-wrapper","thrv_wrapper"],"wp-worthy-pixel":{"ignored":false,"public":null,"server":null,"url":null},"wp-worthy-type":"normal","_links":{"self":[{"href":"https:\/\/museumislandberlin.com\/de\/wp-json\/wp\/v2\/pages\/2598","targetHints":{"allow":["GET"]}}],"collection":[{"href":"https:\/\/museumislandberlin.com\/de\/wp-json\/wp\/v2\/pages"}],"about":[{"href":"https:\/\/museumislandberlin.com\/de\/wp-json\/wp\/v2\/types\/page"}],"author":[{"embeddable":true,"href":"https:\/\/museumislandberlin.com\/de\/wp-json\/wp\/v2\/users\/5"}],"replies":[{"embeddable":true,"href":"https:\/\/museumislandberlin.com\/de\/wp-json\/wp\/v2\/comments?post=2598"}],"version-history":[{"count":40,"href":"https:\/\/museumislandberlin.com\/de\/wp-json\/wp\/v2\/pages\/2598\/revisions"}],"predecessor-version":[{"id":3908,"href":"https:\/\/museumislandberlin.com\/de\/wp-json\/wp\/v2\/pages\/2598\/revisions\/3908"}],"up":[{"embeddable":true,"href":"https:\/\/museumislandberlin.com\/de\/wp-json\/wp\/v2\/pages\/2595"}],"wp:attachment":[{"href":"https:\/\/museumislandberlin.com\/de\/wp-json\/wp\/v2\/media?parent=2598"}],"curies":[{"name":"wp","href":"https:\/\/api.w.org\/{rel}","templated":true}]}}