{"id":2607,"date":"2022-12-19T08:48:41","date_gmt":"2022-12-19T08:48:41","guid":{"rendered":"https:\/\/museumislandberlin.com\/tickets-guided-tours\/"},"modified":"2025-03-05T10:33:38","modified_gmt":"2025-03-05T10:33:38","slug":"museumsinsel-berlin-tickets","status":"publish","type":"page","link":"https:\/\/museumislandberlin.com\/de\/museumsinsel-berlin-tickets\/","title":{"rendered":"Museumsinsel Berlin Tickets"},"content":{"rendered":"<h1 style=\"text-align: left;\">Museumsinsel Berlin Tickets<\/h1>\n<h2 id=\"t-1682328918099\" style=\"text-align: left;\"><strong>Museumsinsel Berlin Tickets &amp; Touren vergleichen<\/strong><\/h2>\n<h3 id=\"t-1692280270785\" style=\"text-align: center;\">Kombitickets &amp; City P\u00e4sse<\/h3>\n<p><span style=\"\"><a href=\"https:\/\/gyg.me\/HcQoN8bd\" target=\"_blank\" rel=\"nofollow noopener\"><img decoding=\"async\" alt=\"\" data-id=\"1616\" width=\"207\" data-init-width=\"288\" height=\"277\" data-init-height=\"384\" title=\"145\" src=\"https:\/\/museumislandberlin.com\/wp-content\/uploads\/2023\/08\/145.jpg\" data-width=\"207\" data-height=\"277\" style=\"aspect-ratio: auto 288 \/ 384;\" mt-t=\"0\" ml-t=\"0\" mt-m=\"0\" ml-m=\"0\" data-link-wrap=\"true\" loading=\"lazy\"><\/a><\/span><\/p>\n<h2 style=\"text-align: left;\" data-hide=\"true\"><a href=\"https:\/\/gyg.me\/HcQoN8bd\" target=\"_blank\" rel=\"nofollow noopener\" style=\"outline: none;\" data-lt-tmp-id=\"lt-879675\" spellcheck=\"false\">Berliner Museumsinsel: Museumsinsel+Panorama Alle Ausstellung<\/a><\/h2>\n<p style=\"text-align: left;\">&#8211; Erkunden Sie alle Museen der Museumsinsel Berlin, darunter das Alte Museum, das Neue Museum, das Bodemuseum, Das Panorama und die Alte Nationalgalerie, mit diesem Ticket, das f\u00fcr einen einzigen Tag gilt.- Tauchen Sie ein in die antike griechische und r\u00f6mische Kultur und in die fesselnde Vergangenheit.- Bestaunen Sie \u00e4gyptische Sch\u00e4tze und Kunstwerke aus verschiedenen Epochen.- Machen Sie das Beste aus Ihrem Besuch, indem Sie die langen Warteschlangen an den einzelnen Museen umgehen.<\/p>\n<p style=\"\"><a href=\"https:\/\/gyg.me\/HcQoN8bd\" target=\"_blank\" rel=\"nofollow noopener\" style=\"outline: none;\" data-lt-tmp-id=\"lt-109877\" spellcheck=\"false\">+ Mehr Informationen<\/a><\/p>\n<p data-hide=\"true\" id=\"t-1692282155287\" style=\"\"><strong><span>24,00 <strong><span>\u20ac<\/span><\/strong><\/span><\/strong><\/p>\n<p style=\"text-align: center;\"><strong>4.7<\/strong><\/p>\n<p><span style=\"\"><a href=\"https:\/\/gyg.me\/HcQoN8bd\" target=\"_blank\" rel=\"nofollow noopener\"><img decoding=\"async\" alt=\"\" data-id=\"2046\" width=\"62\" data-init-width=\"225\" height=\"62\" data-init-height=\"225\" title=\"GetYourGuide\" src=\"https:\/\/museumislandberlin.com\/wp-content\/uploads\/2023\/08\/GetYourGuide.png\" data-width=\"62\" data-height=\"62\" style=\"aspect-ratio: auto 225 \/ 225;\" mt-d=\"0\" ml-d=\"0\" data-link-wrap=\"true\" loading=\"lazy\"><\/a><\/span><\/p>\n<ul>\n<li style=\"\"><span style=\"\">Nicht erstattungsf\u00e4hig<\/span><\/li>\n<li style=\"\"><span style=\"\">Dauer 1 Tag<\/span><\/li>\n<li style=\"\"><span style=\"\">Ohne Anstehen<\/span><\/li>\n<\/ul>\n<p><span style=\"\"><a href=\"https:\/\/gyg.me\/QSAXT6T6\" target=\"_blank\" rel=\"nofollow noopener\"><img decoding=\"async\" alt=\"Berlin-WelcomeCard-All-Inclusive\" data-id=\"1627\" width=\"207\" data-init-width=\"288\" height=\"277\" data-init-height=\"384\" title=\"Berlin-WelcomeCard-All-Inclusive\" src=\"https:\/\/museumislandberlin.com\/wp-content\/uploads\/2023\/08\/Berlin-WelcomeCard-All-Inclusive.jpg\" data-width=\"207\" data-height=\"277\" style=\"aspect-ratio: auto 288 \/ 384;\" mt-t=\"0\" ml-t=\"0\" mt-m=\"0\" ml-m=\"0\" data-link-wrap=\"true\" loading=\"lazy\"><\/a><\/span><\/p>\n<h2 style=\"text-align: left;\" id=\"t-1692362877775\" data-hide=\"true\"><a href=\"https:\/\/gyg.me\/QSAXT6T6\" target=\"_blank\" rel=\"nofollow noopener\" style=\"outline: none;\">Berlin: WelcomeCard All Inclusive<\/a><\/h2>\n<p style=\"text-align: left;\">&#8211; Freier Eintritt zu \u00fcber 30 Berliner Attraktionen- Inkl. 24-st\u00fcndige Hop-on Hop-off Bustour- Sparen Sie bis zu 50% bei \u00fcber 150 Attraktionen- Kostenloser City Guide mit Stadtplan<\/p>\n<p style=\"\"><a href=\"https:\/\/gyg.me\/QSAXT6T6\" target=\"_blank\" rel=\"nofollow noopener\" style=\"outline: none;\" data-lt-tmp-id=\"lt-653956\" spellcheck=\"false\">+ Mehr Informationen<\/a><\/p>\n<p data-hide=\"true\" id=\"t-1692350085838\" style=\"\"><strong><span>95,00 <strong><span>\u20ac<\/span><\/strong><\/span><\/strong><\/p>\n<p style=\"text-align: center;\"><strong>5.0<\/strong><\/p>\n<p><span style=\"\"><a href=\"https:\/\/gyg.me\/QSAXT6T6\" target=\"_blank\" rel=\"nofollow noopener\"><img decoding=\"async\" alt=\"\" data-id=\"2046\" width=\"62\" data-init-width=\"225\" height=\"62\" data-init-height=\"225\" title=\"GetYourGuide\" src=\"https:\/\/museumislandberlin.com\/wp-content\/uploads\/2023\/08\/GetYourGuide.png\" data-width=\"62\" data-height=\"62\" style=\"aspect-ratio: auto 225 \/ 225;\" mt-d=\"0\" ml-d=\"0\" data-link-wrap=\"true\" loading=\"lazy\"><\/a><\/span><\/p>\n<ul>\n<li style=\"\"><span style=\"\">Nicht erstattungsf\u00e4hig<\/span><\/li>\n<li style=\"\"><span style=\"\">Dauer 3 Tag<\/span><\/li>\n<li style=\"\"><span style=\"\">Digitales Ticket<\/span><\/li>\n<\/ul>\n<p><span style=\"\"><a href=\"https:\/\/www.headout.com\/r\/most-amazing-placesrecommends-uC0tC\/\" target=\"_blank\" rel=\"nofollow noopener\"><img decoding=\"async\" alt=\"Berlin-WelcomeCard-Public-Transport-Museum-Island\" data-id=\"1628\" width=\"207\" data-init-width=\"288\" height=\"277\" data-init-height=\"384\" title=\"Berlin-WelcomeCard-Public-Transport-Museum-Island\" src=\"https:\/\/museumislandberlin.com\/wp-content\/uploads\/2023\/08\/Berlin-WelcomeCard-Public-Transport-Museum-Island.jpg\" data-width=\"207\" data-height=\"277\" style=\"aspect-ratio: auto 288 \/ 384;\" mt-t=\"0\" ml-t=\"0\" mt-m=\"0\" ml-m=\"0\" data-link-wrap=\"true\" loading=\"lazy\"><\/a><\/span><\/p>\n<h2 style=\"text-align: left;\" id=\"t-1692362877776\" data-hide=\"true\"><a href=\"https:\/\/www.headout.com\/r\/most-amazing-placesrecommends-uC0tC\/\" target=\"_blank\" rel=\"nofollow noopener\" style=\"outline: none;\">Berlin WelcomeCard: Museumsinsel + \u00d6PNV<\/a><\/h2>\n<p style=\"text-align: left;\">&#8211; Profitieren Sie von freier Fahrt mit dem \u00d6PNV in den Berliner AB- oder ABC-Zonen.- Erkunden Sie Top-Sehensw\u00fcrdigkeiten wie Madame Tussauds und den Berliner Fernsehturm- Erhalten Sie 25-50 % Erm\u00e4\u00dfigung auf ausgew\u00e4hlte Attraktionen, Museen, Bootsfahrten, Restaurants, etc.- Sie erhalten au\u00dferdem einen Stadtf\u00fchrer (einschlie\u00dflich Stadtplan) in Deutsch und Englisch.<\/p>\n<p style=\"\"><a href=\"https:\/\/www.headout.com\/r\/most-amazing-placesrecommends-uC0tC\/\" target=\"_blank\" rel=\"nofollow noopener\" style=\"outline: none;\">+ Mehr Informationen<\/a><\/p>\n<p data-hide=\"true\" id=\"t-1692350085839\" style=\"\"><strong><span>59,50 <strong><span>\u20ac<\/span><\/strong><\/span><\/strong><\/p>\n<p style=\"text-align: center;\"><strong>4.3<\/strong><\/p>\n<p><span style=\"\"><a href=\"https:\/\/www.headout.com\/r\/most-amazing-placesrecommends-uC0tC\/\" target=\"_blank\" rel=\"nofollow noopener\"><img decoding=\"async\" alt=\"\" data-id=\"2049\" width=\"83\" data-init-width=\"404\" height=\"65\" data-init-height=\"316\" title=\"Headout\" src=\"https:\/\/museumislandberlin.com\/wp-content\/uploads\/2023\/08\/Headout.png\" data-width=\"83\" data-height=\"65\" style=\"aspect-ratio: auto 404 \/ 316;\" mt-d=\"0\" ml-d=\"0\" data-link-wrap=\"true\" loading=\"lazy\"><\/a><\/span><\/p>\n<ul>\n<li style=\"\"><span style=\"\">Sofortige Best\u00e4tigung<\/span><\/li>\n<li style=\"\"><span style=\"\">Flexible Dauer<\/span><\/li>\n<li style=\"\"><span style=\"\">Digitales Ticket<\/span><\/li>\n<\/ul>\n<p><span style=\"\"><a href=\"https:\/\/www.tiqets.com\/de\/berlin-sehenswuerdigkeiten-c65144\/tickets-fur-berlin-pass-p1013744\/?partner=most_amazing_places&amp;tq_campaign=MuseumIslandBerlinDe\" target=\"_blank\" rel=\"nofollow noopener\"><img decoding=\"async\" alt=\"Pergamon-&amp;-Neues-Museums-Tour-with-Museum-Island-Daypass\" data-id=\"1629\" width=\"207\" data-init-width=\"288\" height=\"277\" data-init-height=\"384\" title=\"Pergamon-&amp;-Neues-Museums-Tour-with-Museum-Island-Daypass\" src=\"https:\/\/museumislandberlin.com\/wp-content\/uploads\/2023\/08\/Pergamon-Neues-Museums-Tour-with-Museum-Island-Daypass.jpg\" data-width=\"207\" data-height=\"277\" style=\"aspect-ratio: auto 288 \/ 384;\" mt-t=\"0\" ml-t=\"0\" mt-m=\"0\" ml-m=\"0\" data-link-wrap=\"true\" loading=\"lazy\"><\/a><\/span><\/p>\n<h2 style=\"text-align: left;\" id=\"t-1692362877777\" data-hide=\"true\"><a href=\"https:\/\/www.tiqets.com\/de\/berlin-sehenswuerdigkeiten-c65144\/tickets-fur-berlin-pass-p1013744\/?partner=most_amazing_places&amp;tq_campaign=MuseumIslandBerlinDe\" target=\"_blank\" rel=\"nofollow noopener\" style=\"outline: none;\" data-lt-tmp-id=\"lt-638129\" spellcheck=\"false\">Berlin City Card<\/a><\/h2>\n<p style=\"text-align: left;\">&#8211; Genie\u00dfen Sie freien Eintritt in den Berliner Fernsehturm und sehen Sie die Wahrzeichen der Stadt aus einer einzigartigen Perspektive- Besuchen Sie die spektakul\u00e4re &#8222;Das Panorama: Ausstellung&#8220; und das neu gestaltete Neue Museum- Genie\u00dfen Sie Informationen auf Knopfdruck mit einem informativen Audioguide \u00fcber Berlin- Profitieren Sie von 10 % Rabatt auf ausgew\u00e4hlte Aktivit\u00e4ten!<\/p>\n<p style=\"\"><a href=\"https:\/\/www.tiqets.com\/de\/berlin-sehenswuerdigkeiten-c65144\/tickets-fur-berlin-pass-p1013744\/?partner=most_amazing_places&amp;tq_campaign=MuseumIslandBerlinDe\" target=\"_blank\" rel=\"nofollow noopener\" style=\"outline: none;\" data-lt-tmp-id=\"lt-726174\" spellcheck=\"false\">+ Mehr Informationen<\/a><\/p>\n<p data-hide=\"true\" id=\"t-1692350085840\" style=\"\"><strong><span>59,00 <strong><span>\u20ac<\/span><\/strong><\/span><\/strong><\/p>\n<p style=\"text-align: center;\"><strong>4.8<\/strong><\/p>\n<p><span style=\"\"><a href=\"https:\/\/www.tiqets.com\/de\/berlin-sehenswuerdigkeiten-c65144\/tickets-fur-berlin-pass-p1013744\/?partner=most_amazing_places&amp;tq_campaign=MuseumIslandBerlinDe\" target=\"_blank\" rel=\"nofollow noopener\"><img decoding=\"async\" alt=\"\" data-id=\"2051\" width=\"62\" data-init-width=\"225\" height=\"62\" data-init-height=\"225\" title=\"Tiqets\" src=\"https:\/\/museumislandberlin.com\/wp-content\/uploads\/2023\/08\/Tiqets.png\" data-width=\"62\" data-height=\"62\" style=\"aspect-ratio: auto 225 \/ 225;\" mt-d=\"0\" ml-d=\"0\" data-link-wrap=\"true\" loading=\"lazy\"><\/a><\/span><\/p>\n<ul>\n<li style=\"\"><span style=\"\">Sofortige Best\u00e4tigung<\/span><\/li>\n<li style=\"\"><span style=\"\">Dauer 3 Tag<\/span><\/li>\n<li style=\"\"><span style=\"\">Digitales Ticket<\/span><\/li>\n<\/ul>\n<h3 id=\"t-1692350085841\" style=\"text-align: center;\">Einzeltickets &amp; Audioguides<\/h3>\n<p><span style=\"\"><a href=\"https:\/\/gyg.me\/GQSTkznu\" target=\"_blank\" rel=\"nofollow noopener\"><img decoding=\"async\" alt=\"Berlin-Pergamon-Museum-Entrance-Ticket\" data-id=\"1630\" width=\"207\" data-init-width=\"288\" height=\"277\" data-init-height=\"384\" title=\"Berlin-Pergamon-Museum-Entrance-Ticket\" src=\"https:\/\/museumislandberlin.com\/wp-content\/uploads\/2023\/08\/Berlin-Pergamon-Museum-Entrance-Ticket.jpg\" data-width=\"207\" data-height=\"277\" style=\"aspect-ratio: auto 288 \/ 384;\" mt-t=\"0\" ml-t=\"0\" mt-m=\"0\" ml-m=\"0\" data-link-wrap=\"true\" loading=\"lazy\"><\/a><\/span><\/p>\n<h2 style=\"text-align: left;\" id=\"t-1692362877778\" data-hide=\"true\"><a href=\"https:\/\/gyg.me\/GQSTkznu\" target=\"_blank\" rel=\"nofollow noopener\" style=\"outline: none;\" data-lt-tmp-id=\"lt-441721\" spellcheck=\"false\">Berlin: Pergamonmuseum Eintrittskarte<\/a><\/h2>\n<p style=\"text-align: left;\">&#8211; Besuchen Sie den ber\u00fchmtesten Teil der Berliner Museumsinsel- Sehen Sie die Hauptattraktionen: das farbenfrohe Ishtar-Tor und die Prozessionsstra\u00dfe von Babylon- Bestaunen Sie die reich verzierte Steinfassade des Mschatta-Palastes<\/p>\n<p style=\"\"><a href=\"https:\/\/gyg.me\/GQSTkznu\" target=\"_blank\" rel=\"nofollow noopener\" style=\"outline: none;\">+ Mehr Informationen<\/a><\/p>\n<p data-hide=\"true\" id=\"t-1692350085842\" style=\"\"><strong><span>14,00 <strong><span>\u20ac<\/span><\/strong><\/span><\/strong><\/p>\n<p style=\"text-align: center;\"><strong>4.6<\/strong><\/p>\n<p><span style=\"\"><a href=\"https:\/\/gyg.me\/GQSTkznu\" target=\"_blank\" rel=\"nofollow noopener\"><img decoding=\"async\" alt=\"\" data-id=\"2046\" width=\"62\" data-init-width=\"225\" height=\"62\" data-init-height=\"225\" title=\"GetYourGuide\" src=\"https:\/\/museumislandberlin.com\/wp-content\/uploads\/2023\/08\/GetYourGuide.png\" data-width=\"62\" data-height=\"62\" style=\"aspect-ratio: auto 225 \/ 225;\" mt-d=\"0\" ml-d=\"0\" data-link-wrap=\"true\" loading=\"lazy\"><\/a><\/span><\/p>\n<ul>\n<li style=\"\"><span style=\"\">Nicht erstattungsf\u00e4hig<\/span><\/li>\n<li style=\"\"><span style=\"\">G\u00fcltig 1 Tag<\/span><\/li>\n<li style=\"\"><span style=\"\">Inklusive Audioguide<\/span><\/li>\n<\/ul>\n<p><span style=\"\"><a href=\"https:\/\/gyg.me\/8NmjIZ7k\" target=\"_blank\" rel=\"nofollow noopener\"><img decoding=\"async\" alt=\"Berlin-Neues-Museum-Entry-Ticket\" data-id=\"1631\" width=\"207\" data-init-width=\"288\" height=\"277\" data-init-height=\"384\" title=\"Berlin-Neues-Museum-Entry-Ticket\" src=\"https:\/\/museumislandberlin.com\/wp-content\/uploads\/2023\/08\/Berlin-Neues-Museum-Entry-Ticket.jpg\" data-width=\"207\" data-height=\"277\" style=\"aspect-ratio: auto 288 \/ 384;\" mt-t=\"0\" ml-t=\"0\" mt-m=\"0\" ml-m=\"0\" data-link-wrap=\"true\" loading=\"lazy\"><\/a><\/span><\/p>\n<h2 style=\"text-align: left;\" id=\"t-1692362877779\" data-hide=\"true\"><a href=\"https:\/\/gyg.me\/8NmjIZ7k\" target=\"_blank\" rel=\"nofollow noopener\" style=\"outline: none;\" data-lt-tmp-id=\"lt-848981\" spellcheck=\"false\">Berlin: Neues Museum Eintrittskarte<\/a><\/h2>\n<p style=\"text-align: left;\">&#8211; Besuchen Sie einen der eindrucksvollsten Teile der Berliner Museumsinsel- Erfahren Sie mehr \u00fcber die Geschichte der Kunst, der Museen und der Technik im 19. Jahrhundert- Sehen Sie 3 Museen in einem: das \u00c4gyptische Museum, die Antikensammlung und das Museum f\u00fcr Vor- und Fr\u00fchgeschichte<\/p>\n<p style=\"\"><a href=\"https:\/\/gyg.me\/8NmjIZ7k\" target=\"_blank\" rel=\"nofollow noopener\" style=\"outline: none;\" data-lt-tmp-id=\"lt-530470\" spellcheck=\"false\">+ Mehr Informationen<\/a><\/p>\n<p data-hide=\"true\" id=\"t-1692350085843\" style=\"\"><strong><span>14,00 <strong><span>\u20ac<\/span><\/strong><\/span><\/strong><\/p>\n<p style=\"text-align: center;\"><strong>4.7<\/strong><\/p>\n<p><span style=\"\"><a href=\"https:\/\/gyg.me\/8NmjIZ7k\" target=\"_blank\" rel=\"nofollow noopener\"><img decoding=\"async\" alt=\"\" data-id=\"2046\" width=\"62\" data-init-width=\"225\" height=\"62\" data-init-height=\"225\" title=\"GetYourGuide\" src=\"https:\/\/museumislandberlin.com\/wp-content\/uploads\/2023\/08\/GetYourGuide.png\" data-width=\"62\" data-height=\"62\" style=\"aspect-ratio: auto 225 \/ 225;\" mt-d=\"0\" ml-d=\"0\" data-link-wrap=\"true\" loading=\"lazy\"><\/a><\/span><\/p>\n<ul>\n<li style=\"\"><span style=\"\">Nicht erstattungsf\u00e4hig<\/span><\/li>\n<li style=\"\"><span style=\"\">G\u00fcltig 15 Minuten<\/span><\/li>\n<li style=\"\"><span style=\"\">Inklusive Audioguide<\/span><\/li>\n<\/ul>\n<p><span style=\"\"><a href=\"https:\/\/www.tiqets.com\/de\/berlin-sehenswuerdigkeiten-c65144\/tickets-fur-pergamonmuseum-das-panorama-360deg-panoramen-vom-kunstler-yadegar-asisi-p1007213\/?partner=most_amazing_places&amp;tq_campaign=MuseumIslandBerlinDe\" target=\"_blank\" rel=\"nofollow noopener\"><img decoding=\"async\" alt=\"Pergamon-Museum--The-Panorama-Exhibition-by-Yadegar-Asisi\" data-id=\"1632\" width=\"207\" data-init-width=\"288\" height=\"277\" data-init-height=\"384\" title=\"Pergamon-Museum--The-Panorama-Exhibition-by-Yadegar-Asisi\" src=\"https:\/\/museumislandberlin.com\/wp-content\/uploads\/2023\/08\/Pergamon-Museum-The-Panorama-Exhibition-by-Yadegar-Asisi.jpg\" data-width=\"207\" data-height=\"277\" style=\"aspect-ratio: auto 288 \/ 384;\" mt-t=\"0\" ml-t=\"0\" mt-m=\"0\" ml-m=\"0\" data-link-wrap=\"true\" loading=\"lazy\"><\/a><\/span><\/p>\n<h2 style=\"text-align: left;\" id=\"t-1692362877780\" data-hide=\"true\"><a href=\"https:\/\/www.tiqets.com\/de\/berlin-sehenswuerdigkeiten-c65144\/tickets-fur-pergamonmuseum-das-panorama-360deg-panoramen-vom-kunstler-yadegar-asisi-p1007213\/?partner=most_amazing_places&amp;tq_campaign=MuseumIslandBerlinDe\" target=\"_blank\" rel=\"nofollow noopener\" style=\"outline: none;\" data-lt-tmp-id=\"lt-174275\" spellcheck=\"false\">Pergamon Museum \u2013 The Panorama: Exhibition by Yadegar Asisi<\/a><\/h2>\n<p style=\"text-align: left;\">&#8211; Zugang zum Pergamonmuseum &#8211; Das Panorama, die neue Ausstellung von Yadegar Asisi- Tauchen Sie ein in eine einzigartige, panoramische Darstellung einer antiken r\u00f6mischen Stadt- Sehen Sie wichtige St\u00fccke aus der Sammlung des Museums, darunter eine digitale Version des Pergamonaltars<\/p>\n<p style=\"\"><a href=\"https:\/\/www.tiqets.com\/de\/berlin-sehenswuerdigkeiten-c65144\/tickets-fur-pergamonmuseum-das-panorama-360deg-panoramen-vom-kunstler-yadegar-asisi-p1007213\/?partner=most_amazing_places&amp;tq_campaign=MuseumIslandBerlinDe\" target=\"_blank\" rel=\"nofollow noopener\" style=\"outline: none;\">+ Mehr Informationen<\/a><\/p>\n<p data-hide=\"true\" id=\"t-1692350085844\" style=\"\"><strong><span>14,00 <strong><span>\u20ac<\/span><\/strong><\/span><\/strong><\/p>\n<p style=\"text-align: center;\"><strong>4.7<\/strong><\/p>\n<p><span style=\"\"><a href=\"https:\/\/www.tiqets.com\/de\/berlin-sehenswuerdigkeiten-c65144\/tickets-fur-pergamonmuseum-das-panorama-360deg-panoramen-vom-kunstler-yadegar-asisi-p1007213\/?partner=most_amazing_places&amp;tq_campaign=MuseumIslandBerlinDe\" target=\"_blank\" rel=\"nofollow noopener\"><img decoding=\"async\" alt=\"\" data-id=\"2051\" width=\"62\" data-init-width=\"225\" height=\"62\" data-init-height=\"225\" title=\"Tiqets\" src=\"https:\/\/museumislandberlin.com\/wp-content\/uploads\/2023\/08\/Tiqets.png\" data-width=\"62\" data-height=\"62\" style=\"aspect-ratio: auto 225 \/ 225;\" mt-d=\"0\" ml-d=\"0\" data-link-wrap=\"true\" loading=\"lazy\"><\/a><\/span><\/p>\n<ul>\n<li style=\"\"><span style=\"\">Sofortige Best\u00e4tigung<\/span><\/li>\n<li style=\"\"><span style=\"\">Flexible Dauer<\/span><\/li>\n<li style=\"\"><span style=\"\">Digitales Ticket<\/span><\/li>\n<\/ul>\n<ul>\n<li><span>Verpassen Sie nicht die Gelegenheit, eine der sch\u00f6nsten Aktivit\u00e4ten in Berlin zu erleben: <strong>eine Bootsfahrt auf der Spree.<\/strong> <a href=\"https:\/\/spreefahrtberlin.com\/\" target=\"_blank\" style=\"outline: none;\" data-lt-tmp-id=\"lt-893106\" spellcheck=\"false\" rel=\"noopener nofollow\">Besuchen Sie unsere Website und vergleichen Sie&nbsp;<\/a><strong><a href=\"https:\/\/spreefahrtberlin.com\/\" target=\"_blank\" style=\"outline: none;\" rel=\"noopener nofollow\">die beliebtesten Spreefahrten in Berlin<\/a>,&nbsp;<\/strong>um die perfekte Bootstour aus unserem sorgf\u00e4ltig ausgew\u00e4hlten Angebot zu finden.<\/span><\/li>\n<\/ul>\n<p><a href=\"https:\/\/museumislandberlin.com\/de\/haufige-fragen\/\" dynamic-postlink=\"tcb_post_the_permalink\" data-shortcode-id=\"2584\"><\/a><\/p>\n<p style=\"padding-bottom: 0px !important; margin-bottom: 0px !important; color: var(--tcb-color-0) !important; --tcb-applied-color: var$(--tcb-color-0) !important;\"><a href=\"\" style=\"outline: none;\" data-lt-tmp-id=\"lt-698449\" spellcheck=\"false\">Weiterlesen<\/a><\/p>\n<h2 style=\"\"><span data-attr-css=\"\" data-attr-link=\"1\" data-attr-rel=\"0\" data-attr-static-link=\"{&quot;className&quot;:&quot;&quot;,&quot;href&quot;:&quot;https:\/\/museumislandberlin.com\/de\/haufige-fragen\/&quot;,&quot;title&quot;:&quot;H\u00e4ufige Fragen&quot;,&quot;class&quot;:&quot;&quot;}\" data-attr-target=\"0\" data-extra_key=\"\" data-option-inline=\"1\" data-shortcode=\"tcb_post_title\" data-shortcode-name=\"Post title\" style=\"\"><a href=\"https:\/\/museumislandberlin.com\/de\/haufige-fragen\/\" title=\"H\u00e4ufige Fragen\" data-css=\"\">H\u00e4ufige Fragen<\/a><\/span><\/h2>\n<p><a href=\"https:\/\/museumislandberlin.com\/de\/\" dynamic-postlink=\"tcb_post_the_permalink\" data-shortcode-id=\"2584\"><\/a><\/p>\n<p style=\"padding-bottom: 0px !important; margin-bottom: 0px !important; color: var(--tcb-color-0) !important; --tcb-applied-color: var$(--tcb-color-0) !important;\"><a href=\"\" style=\"outline: none;\" data-lt-tmp-id=\"lt-698449\" spellcheck=\"false\">Weiterlesen<\/a><\/p>\n<h2 style=\"\"><span data-attr-css=\"\" data-attr-link=\"1\" data-attr-rel=\"0\" data-attr-static-link=\"{&quot;className&quot;:&quot;&quot;,&quot;href&quot;:&quot;https:\/\/museumislandberlin.com\/de\/haufige-fragen\/&quot;,&quot;title&quot;:&quot;H\u00e4ufige Fragen&quot;,&quot;class&quot;:&quot;&quot;}\" data-attr-target=\"0\" data-extra_key=\"\" data-option-inline=\"1\" data-shortcode=\"tcb_post_title\" data-shortcode-name=\"Post title\" style=\"\"><a href=\"https:\/\/museumislandberlin.com\/de\/\" title=\"Museumsinsel Berlin\" data-css=\"\">Museumsinsel Berlin<\/a><\/span><\/h2>\n","protected":false},"excerpt":{"rendered":"<p>Museumsinsel Berlin Tickets Museumsinsel Berlin Tickets &amp; Touren vergleichen Kombitickets &amp; City P\u00e4sse Berliner Museumsinsel: Museumsinsel+Panorama Alle Ausstellung &#8211; Erkunden Sie alle Museen der Museumsinsel Berlin, darunter das Alte Museum, das Neue Museum, das Bodemuseum, Das Panorama und die Alte Nationalgalerie, mit diesem Ticket, das f\u00fcr einen einzigen Tag gilt.- Tauchen Sie ein in die [&hellip;]<\/p>\n","protected":false},"author":3,"featured_media":2445,"parent":0,"menu_order":0,"comment_status":"closed","ping_status":"closed","template":"","meta":{"footnotes":""},"class_list":["post-2607","page","type-page","status-publish","has-post-thumbnail","hentry","post-wrapper","thrv_wrapper"],"wp-worthy-pixel":{"ignored":false,"public":null,"server":null,"url":null},"wp-worthy-type":"normal","_links":{"self":[{"href":"https:\/\/museumislandberlin.com\/de\/wp-json\/wp\/v2\/pages\/2607","targetHints":{"allow":["GET"]}}],"collection":[{"href":"https:\/\/museumislandberlin.com\/de\/wp-json\/wp\/v2\/pages"}],"about":[{"href":"https:\/\/museumislandberlin.com\/de\/wp-json\/wp\/v2\/types\/page"}],"author":[{"embeddable":true,"href":"https:\/\/museumislandberlin.com\/de\/wp-json\/wp\/v2\/users\/3"}],"replies":[{"embeddable":true,"href":"https:\/\/museumislandberlin.com\/de\/wp-json\/wp\/v2\/comments?post=2607"}],"version-history":[{"count":25,"href":"https:\/\/museumislandberlin.com\/de\/wp-json\/wp\/v2\/pages\/2607\/revisions"}],"predecessor-version":[{"id":3769,"href":"https:\/\/museumislandberlin.com\/de\/wp-json\/wp\/v2\/pages\/2607\/revisions\/3769"}],"wp:featuredmedia":[{"embeddable":true,"href":"https:\/\/museumislandberlin.com\/de\/wp-json\/wp\/v2\/media\/2445"}],"wp:attachment":[{"href":"https:\/\/museumislandberlin.com\/de\/wp-json\/wp\/v2\/media?parent=2607"}],"curies":[{"name":"wp","href":"https:\/\/api.w.org\/{rel}","templated":true}]}}